{"id":207,"date":"2019-07-13T21:47:59","date_gmt":"2019-07-13T21:47:59","guid":{"rendered":"https:\/\/www.fotografiadereciennacido.com\/?page_id=207"},"modified":"2019-07-13T22:56:05","modified_gmt":"2019-07-13T22:56:05","slug":"como-envolver-a-mi-bebe-para-ayudar-a-calmarlo","status":"publish","type":"page","link":"https:\/\/www.fotografiadereciennacido.com\/index.php\/como-envolver-a-mi-bebe-para-ayudar-a-calmarlo\/","title":{"rendered":"\u00bfC\u00f3mo envolver a mi beb\u00e9 para ayudar a calmarlo?"},"content":{"rendered":"\n<figure class=\"wp-block-image\"><img decoding=\"async\" src=\"https:\/\/www.fotografiadereciennacido.com\/wp-content\/uploads\/2019\/07\/Sesi\u00f3n-Reci\u00e9n-Nacida-Renata-37-1024x684.jpg\" alt=\"\" class=\"wp-image-122\"\/><\/figure>\n\n\n\n<p>Les dejo un mini tutorial de como envolver a su beb\u00e9 para ayudarlo a que se calme. \u00bfPor qu\u00e9 se calman as\u00ed? Porque recuerdan la posici\u00f3n que ten\u00edan en la panza, bien contenidos y calentitos. Recuerden que envolverlos es como agregarle una capa m\u00e1s de abrigo, tengan cuidado de no sobrepasarlos de calor.<\/p>\n\n\n\n<p>Cualquier consulta que tengan y les pueda responder lo pueden hacer en el formulario de contacto de la web o en mis p\u00e1ginas de instagram o facebook.<\/p>\n\n\n\n<div class=\"wp-block-button is-style-squared\"><a class=\"wp-block-button__link\" href=\"https:\/\/www.fotografiadereciennacido.com\/index.php\/contactanos\">Contacto a trav\u00e9s del formulario<\/a><\/div>\n\n\n\n<div class=\"wp-block-button is-style-squared\"><a class=\"wp-block-button__link\" href=\"https:\/\/www.instagram.com\/eloisaroqueroph\/?hl=es-la\">Instagram<\/a><\/div>\n\n\n\n<div class=\"wp-block-button is-style-squared\"><a class=\"wp-block-button__link\" href=\"https:\/\/www.facebook.com\/eloroqueroph\/\">Facebook<\/a><\/div>\n\n\n\n<ul class=\"wp-block-gallery columns-1 wp-block-gallery-1 is-layout-flex wp-block-gallery-is-layout-flex\"><li class=\"blocks-gallery-item\"><figure><a href=\"https:\/\/www.fotografiadereciennacido.com\/wp-content\/uploads\/2019\/07\/tutorial-de-envoltorio-1024x706.jpg\"><img loading=\"lazy\" decoding=\"async\" width=\"1024\" height=\"706\" src=\"https:\/\/www.fotografiadereciennacido.com\/wp-content\/uploads\/2019\/07\/tutorial-de-envoltorio-1024x706.jpg\" alt=\"\" data-id=\"241\" data-link=\"https:\/\/www.fotografiadereciennacido.com\/index.php\/como-envolver-a-mi-bebe-para-ayudar-a-calmarlo\/tutorial-de-envoltorio\/\" class=\"wp-image-241\" srcset=\"https:\/\/www.fotografiadereciennacido.com\/wp-content\/uploads\/2019\/07\/tutorial-de-envoltorio-1024x706.jpg 1024w, https:\/\/www.fotografiadereciennacido.com\/wp-content\/uploads\/2019\/07\/tutorial-de-envoltorio-600x413.jpg 600w, https:\/\/www.fotografiadereciennacido.com\/wp-content\/uploads\/2019\/07\/tutorial-de-envoltorio-300x207.jpg 300w, https:\/\/www.fotografiadereciennacido.com\/wp-content\/uploads\/2019\/07\/tutorial-de-envoltorio-768x529.jpg 768w\" sizes=\"(max-width: 1024px) 100vw, 1024px\" \/><\/a><\/figure><\/li><\/ul>\n\n\n\n<p>\u00bfNo lo podes ver bien? \u00bfLo quer\u00e9s guardar en tu celular para tenerlo a mano? Contactanos que te lo enviamos por mail.<\/p>\n\n\n\n<div class=\"wp-block-button is-style-squared\"><a class=\"wp-block-button__link\" href=\"https:\/\/www.fotografiadereciennacido.com\/index.php\/contactanos\">Contactanos aqu\u00ed<\/a><\/div>\n","protected":false},"excerpt":{"rendered":"<p>Les dejo un mini tutorial de como envolver a su beb\u00e9 para ayudarlo a que se calme. \u00bfPor qu\u00e9 se calman as\u00ed? Porque recuerdan la posici\u00f3n que ten\u00edan en la panza, bien contenidos y calentitos. Recuerden que envolverlos es como agregarle una capa m\u00e1s de abrigo, tengan cuidado de no sobrepasarlos de calor. Cualquier consulta [&hellip;]<\/p>\n","protected":false},"author":1,"featured_media":0,"parent":0,"menu_order":0,"comment_status":"closed","ping_status":"closed","template":"","meta":{"footnotes":""},"yoast_head":"<!-- This site is optimized with the Yoast SEO plugin v22.9 - https:\/\/yoast.com\/wordpress\/plugins\/seo\/ -->\n<title>\u00bfC\u00f3mo envolver a mi beb\u00e9 para ayudar a calmarlo?<\/title>\n<meta name=\"description\" content=\"Les dejo un mini tutorial de como envolver a su beb\u00e9 para ayudarlo a que se calme. \u00bfPor qu\u00e9 se calman as\u00ed? Porque recuerdan la posici\u00f3n que ten\u00edan en la\" \/>\n<meta name=\"robots\" content=\"index, follow, max-snippet:-1, max-image-preview:large, max-video-preview:-1\" \/>\n<link rel=\"canonical\" href=\"https:\/\/www.fotografiadereciennacido.com\/index.php\/como-envolver-a-mi-bebe-para-ayudar-a-calmarlo\/\" \/>\n<meta property=\"og:locale\" content=\"es_ES\" \/>\n<meta property=\"og:type\" content=\"article\" \/>\n<meta property=\"og:title\" content=\"\u00bfC\u00f3mo envolver a mi beb\u00e9 para ayudar a calmarlo?\" \/>\n<meta property=\"og:description\" content=\"Les dejo un mini tutorial de como envolver a su beb\u00e9 para ayudarlo a que se calme. \u00bfPor qu\u00e9 se calman as\u00ed? Porque recuerdan la posici\u00f3n que ten\u00edan en la\" \/>\n<meta property=\"og:url\" content=\"https:\/\/www.fotografiadereciennacido.com\/index.php\/como-envolver-a-mi-bebe-para-ayudar-a-calmarlo\/\" \/>\n<meta property=\"og:site_name\" content=\"Elo&iacute;sa Roquero Fotograf&iacute;a\" \/>\n<meta property=\"article:modified_time\" content=\"2019-07-13T22:56:05+00:00\" \/>\n<meta property=\"og:image\" content=\"https:\/\/www.fotografiadereciennacido.com\/wp-content\/uploads\/2019\/07\/tutorial-de-envoltorio-1024x706.jpg\" \/>\n<meta name=\"twitter:card\" content=\"summary_large_image\" \/>\n<meta name=\"twitter:label1\" content=\"Tiempo de lectura\" \/>\n\t<meta name=\"twitter:data1\" content=\"1 minuto\" \/>\n<script type=\"application\/ld+json\" class=\"yoast-schema-graph\">{\"@context\":\"https:\/\/schema.org\",\"@graph\":[{\"@type\":\"WebPage\",\"@id\":\"https:\/\/www.fotografiadereciennacido.com\/index.php\/como-envolver-a-mi-bebe-para-ayudar-a-calmarlo\/\",\"url\":\"https:\/\/www.fotografiadereciennacido.com\/index.php\/como-envolver-a-mi-bebe-para-ayudar-a-calmarlo\/\",\"name\":\"\u00bfC\u00f3mo envolver a mi beb\u00e9 para ayudar a calmarlo?\",\"isPartOf\":{\"@id\":\"https:\/\/www.fotografiadereciennacido.com\/#website\"},\"primaryImageOfPage\":{\"@id\":\"https:\/\/www.fotografiadereciennacido.com\/index.php\/como-envolver-a-mi-bebe-para-ayudar-a-calmarlo\/#primaryimage\"},\"image\":{\"@id\":\"https:\/\/www.fotografiadereciennacido.com\/index.php\/como-envolver-a-mi-bebe-para-ayudar-a-calmarlo\/#primaryimage\"},\"thumbnailUrl\":\"https:\/\/www.fotografiadereciennacido.com\/wp-content\/uploads\/2019\/07\/tutorial-de-envoltorio-1024x706.jpg\",\"datePublished\":\"2019-07-13T21:47:59+00:00\",\"dateModified\":\"2019-07-13T22:56:05+00:00\",\"description\":\"Les dejo un mini tutorial de como envolver a su beb\u00e9 para ayudarlo a que se calme. \u00bfPor qu\u00e9 se calman as\u00ed? Porque recuerdan la posici\u00f3n que ten\u00edan en la\",\"breadcrumb\":{\"@id\":\"https:\/\/www.fotografiadereciennacido.com\/index.php\/como-envolver-a-mi-bebe-para-ayudar-a-calmarlo\/#breadcrumb\"},\"inLanguage\":\"es\",\"potentialAction\":[{\"@type\":\"ReadAction\",\"target\":[\"https:\/\/www.fotografiadereciennacido.com\/index.php\/como-envolver-a-mi-bebe-para-ayudar-a-calmarlo\/\"]}]},{\"@type\":\"ImageObject\",\"inLanguage\":\"es\",\"@id\":\"https:\/\/www.fotografiadereciennacido.com\/index.php\/como-envolver-a-mi-bebe-para-ayudar-a-calmarlo\/#primaryimage\",\"url\":\"https:\/\/www.fotografiadereciennacido.com\/wp-content\/uploads\/2019\/07\/tutorial-de-envoltorio-1024x706.jpg\",\"contentUrl\":\"https:\/\/www.fotografiadereciennacido.com\/wp-content\/uploads\/2019\/07\/tutorial-de-envoltorio-1024x706.jpg\"},{\"@type\":\"BreadcrumbList\",\"@id\":\"https:\/\/www.fotografiadereciennacido.com\/index.php\/como-envolver-a-mi-bebe-para-ayudar-a-calmarlo\/#breadcrumb\",\"itemListElement\":[{\"@type\":\"ListItem\",\"position\":1,\"name\":\"Portada\",\"item\":\"https:\/\/www.fotografiadereciennacido.com\/\"},{\"@type\":\"ListItem\",\"position\":2,\"name\":\"\u00bfC\u00f3mo envolver a mi beb\u00e9 para ayudar a calmarlo?\"}]},{\"@type\":\"WebSite\",\"@id\":\"https:\/\/www.fotografiadereciennacido.com\/#website\",\"url\":\"https:\/\/www.fotografiadereciennacido.com\/\",\"name\":\"Elo\u00edsa Roquero Fotograf\u00eda\",\"description\":\"Fotograf&iacute;a Infantil en San Jos&eacute; de Mayo\",\"publisher\":{\"@id\":\"https:\/\/www.fotografiadereciennacido.com\/#\/schema\/person\/85f22c1d782294d6ff0beb11f09b368c\"},\"potentialAction\":[{\"@type\":\"SearchAction\",\"target\":{\"@type\":\"EntryPoint\",\"urlTemplate\":\"https:\/\/www.fotografiadereciennacido.com\/?s={search_term_string}\"},\"query-input\":\"required name=search_term_string\"}],\"inLanguage\":\"es\"},{\"@type\":[\"Person\",\"Organization\"],\"@id\":\"https:\/\/www.fotografiadereciennacido.com\/#\/schema\/person\/85f22c1d782294d6ff0beb11f09b368c\",\"name\":\"admin\",\"image\":{\"@type\":\"ImageObject\",\"inLanguage\":\"es\",\"@id\":\"https:\/\/www.fotografiadereciennacido.com\/#\/schema\/person\/image\/\",\"url\":\"https:\/\/secure.gravatar.com\/avatar\/7fe5df0765ebcb75c457e93ea01d8886?s=96&d=mm&r=g\",\"contentUrl\":\"https:\/\/secure.gravatar.com\/avatar\/7fe5df0765ebcb75c457e93ea01d8886?s=96&d=mm&r=g\",\"caption\":\"admin\"},\"logo\":{\"@id\":\"https:\/\/www.fotografiadereciennacido.com\/#\/schema\/person\/image\/\"}}]}<\/script>\n<!-- \/ Yoast SEO plugin. -->","yoast_head_json":{"title":"\u00bfC\u00f3mo envolver a mi beb\u00e9 para ayudar a calmarlo?","description":"Les dejo un mini tutorial de como envolver a su beb\u00e9 para ayudarlo a que se calme. \u00bfPor qu\u00e9 se calman as\u00ed? Porque recuerdan la posici\u00f3n que ten\u00edan en la","robots":{"index":"index","follow":"follow","max-snippet":"max-snippet:-1","max-image-preview":"max-image-preview:large","max-video-preview":"max-video-preview:-1"},"canonical":"https:\/\/www.fotografiadereciennacido.com\/index.php\/como-envolver-a-mi-bebe-para-ayudar-a-calmarlo\/","og_locale":"es_ES","og_type":"article","og_title":"\u00bfC\u00f3mo envolver a mi beb\u00e9 para ayudar a calmarlo?","og_description":"Les dejo un mini tutorial de como envolver a su beb\u00e9 para ayudarlo a que se calme. \u00bfPor qu\u00e9 se calman as\u00ed? Porque recuerdan la posici\u00f3n que ten\u00edan en la","og_url":"https:\/\/www.fotografiadereciennacido.com\/index.php\/como-envolver-a-mi-bebe-para-ayudar-a-calmarlo\/","og_site_name":"Elo&iacute;sa Roquero Fotograf&iacute;a","article_modified_time":"2019-07-13T22:56:05+00:00","og_image":[{"url":"https:\/\/www.fotografiadereciennacido.com\/wp-content\/uploads\/2019\/07\/tutorial-de-envoltorio-1024x706.jpg"}],"twitter_card":"summary_large_image","twitter_misc":{"Tiempo de lectura":"1 minuto"},"schema":{"@context":"https:\/\/schema.org","@graph":[{"@type":"WebPage","@id":"https:\/\/www.fotografiadereciennacido.com\/index.php\/como-envolver-a-mi-bebe-para-ayudar-a-calmarlo\/","url":"https:\/\/www.fotografiadereciennacido.com\/index.php\/como-envolver-a-mi-bebe-para-ayudar-a-calmarlo\/","name":"\u00bfC\u00f3mo envolver a mi beb\u00e9 para ayudar a calmarlo?","isPartOf":{"@id":"https:\/\/www.fotografiadereciennacido.com\/#website"},"primaryImageOfPage":{"@id":"https:\/\/www.fotografiadereciennacido.com\/index.php\/como-envolver-a-mi-bebe-para-ayudar-a-calmarlo\/#primaryimage"},"image":{"@id":"https:\/\/www.fotografiadereciennacido.com\/index.php\/como-envolver-a-mi-bebe-para-ayudar-a-calmarlo\/#primaryimage"},"thumbnailUrl":"https:\/\/www.fotografiadereciennacido.com\/wp-content\/uploads\/2019\/07\/tutorial-de-envoltorio-1024x706.jpg","datePublished":"2019-07-13T21:47:59+00:00","dateModified":"2019-07-13T22:56:05+00:00","description":"Les dejo un mini tutorial de como envolver a su beb\u00e9 para ayudarlo a que se calme. \u00bfPor qu\u00e9 se calman as\u00ed? Porque recuerdan la posici\u00f3n que ten\u00edan en la","breadcrumb":{"@id":"https:\/\/www.fotografiadereciennacido.com\/index.php\/como-envolver-a-mi-bebe-para-ayudar-a-calmarlo\/#breadcrumb"},"inLanguage":"es","potentialAction":[{"@type":"ReadAction","target":["https:\/\/www.fotografiadereciennacido.com\/index.php\/como-envolver-a-mi-bebe-para-ayudar-a-calmarlo\/"]}]},{"@type":"ImageObject","inLanguage":"es","@id":"https:\/\/www.fotografiadereciennacido.com\/index.php\/como-envolver-a-mi-bebe-para-ayudar-a-calmarlo\/#primaryimage","url":"https:\/\/www.fotografiadereciennacido.com\/wp-content\/uploads\/2019\/07\/tutorial-de-envoltorio-1024x706.jpg","contentUrl":"https:\/\/www.fotografiadereciennacido.com\/wp-content\/uploads\/2019\/07\/tutorial-de-envoltorio-1024x706.jpg"},{"@type":"BreadcrumbList","@id":"https:\/\/www.fotografiadereciennacido.com\/index.php\/como-envolver-a-mi-bebe-para-ayudar-a-calmarlo\/#breadcrumb","itemListElement":[{"@type":"ListItem","position":1,"name":"Portada","item":"https:\/\/www.fotografiadereciennacido.com\/"},{"@type":"ListItem","position":2,"name":"\u00bfC\u00f3mo envolver a mi beb\u00e9 para ayudar a calmarlo?"}]},{"@type":"WebSite","@id":"https:\/\/www.fotografiadereciennacido.com\/#website","url":"https:\/\/www.fotografiadereciennacido.com\/","name":"Elo\u00edsa Roquero Fotograf\u00eda","description":"Fotograf&iacute;a Infantil en San Jos&eacute; de Mayo","publisher":{"@id":"https:\/\/www.fotografiadereciennacido.com\/#\/schema\/person\/85f22c1d782294d6ff0beb11f09b368c"},"potentialAction":[{"@type":"SearchAction","target":{"@type":"EntryPoint","urlTemplate":"https:\/\/www.fotografiadereciennacido.com\/?s={search_term_string}"},"query-input":"required name=search_term_string"}],"inLanguage":"es"},{"@type":["Person","Organization"],"@id":"https:\/\/www.fotografiadereciennacido.com\/#\/schema\/person\/85f22c1d782294d6ff0beb11f09b368c","name":"admin","image":{"@type":"ImageObject","inLanguage":"es","@id":"https:\/\/www.fotografiadereciennacido.com\/#\/schema\/person\/image\/","url":"https:\/\/secure.gravatar.com\/avatar\/7fe5df0765ebcb75c457e93ea01d8886?s=96&d=mm&r=g","contentUrl":"https:\/\/secure.gravatar.com\/avatar\/7fe5df0765ebcb75c457e93ea01d8886?s=96&d=mm&r=g","caption":"admin"},"logo":{"@id":"https:\/\/www.fotografiadereciennacido.com\/#\/schema\/person\/image\/"}}]}},"_links":{"self":[{"href":"https:\/\/www.fotografiadereciennacido.com\/index.php\/wp-json\/wp\/v2\/pages\/207"}],"collection":[{"href":"https:\/\/www.fotografiadereciennacido.com\/index.php\/wp-json\/wp\/v2\/pages"}],"about":[{"href":"https:\/\/www.fotografiadereciennacido.com\/index.php\/wp-json\/wp\/v2\/types\/page"}],"author":[{"embeddable":true,"href":"https:\/\/www.fotografiadereciennacido.com\/index.php\/wp-json\/wp\/v2\/users\/1"}],"replies":[{"embeddable":true,"href":"https:\/\/www.fotografiadereciennacido.com\/index.php\/wp-json\/wp\/v2\/comments?post=207"}],"version-history":[{"count":11,"href":"https:\/\/www.fotografiadereciennacido.com\/index.php\/wp-json\/wp\/v2\/pages\/207\/revisions"}],"predecessor-version":[{"id":244,"href":"https:\/\/www.fotografiadereciennacido.com\/index.php\/wp-json\/wp\/v2\/pages\/207\/revisions\/244"}],"wp:attachment":[{"href":"https:\/\/www.fotografiadereciennacido.com\/index.php\/wp-json\/wp\/v2\/media?parent=207"}],"curies":[{"name":"wp","href":"https:\/\/api.w.org\/{rel}","templated":true}]}}