{"id":21,"date":"2019-07-12T02:23:15","date_gmt":"2019-07-12T02:23:15","guid":{"rendered":"https:\/\/www.fotografiadereciennacido.com\/?page_id=21"},"modified":"2020-09-17T20:10:57","modified_gmt":"2020-09-17T20:10:57","slug":"sesiones","status":"publish","type":"page","link":"https:\/\/www.fotografiadereciennacido.com\/index.php\/sesiones\/","title":{"rendered":"FOTOS RECI\u00c9N NACIDOS Y FAMILIAS EN URUGUAY"},"content":{"rendered":"\n<meta name=\"google-site-verification\" content=\"im8wU3btudej4HPO5ZalWGYkX0RyrIJZ7T4A6BIVvS0\" \/>\n\n\n\n<script type=\"text\/javascript\" src=\"\/\/downloads.mailchimp.com\/js\/signup-forms\/popup\/unique-methods\/embed.js\" data-dojo-config=\"usePlainJson: true, isDebug: false\"><\/script><script type=\"text\/javascript\">window.dojoRequire([\"mojo\/signup-forms\/Loader\"], function(L) { L.start({\"baseUrl\":\"mc.us3.list-manage.com\",\"uuid\":\"692b38aeaa5fdf5be909f516d\",\"lid\":\"e3edc9c150\",\"uniqueMethods\":true}) })<\/script>\n\n\n\n<div class=\"wp-block-button\"><a class=\"wp-block-button__link has-background no-border-radius\" href=\"https:\/\/www.fotografiadereciennacido.com\/index.php\/sesiones-maternales\/\" style=\"background-color:#17b598\">Sesiones maternales<\/a><\/div>\n\n\n\n<p><\/p>\n\n\n\n<div class=\"wp-block-button\"><a class=\"wp-block-button__link has-background no-border-radius\" href=\"https:\/\/www.fotografiadereciennacido.com\/sesiones-mini-baby\/\" style=\"background-color:#17b598\">Sesiones mini baby<\/a><\/div>\n\n\n\n<p><\/p>\n\n\n\n<div class=\"wp-block-button\"><a class=\"wp-block-button__link has-background no-border-radius\" href=\"https:\/\/www.fotografiadereciennacido.com\/index.php\/sesiones-recien-nacido\/\" style=\"background-color:#17b598\">Sesiones reci\u00e9n nacido<\/a><\/div>\n\n\n\n<p><\/p>\n\n\n\n<div class=\"wp-block-button\"><a class=\"wp-block-button__link has-background no-border-radius\" href=\"https:\/\/www.fotografiadereciennacido.com\/sesiones-infantiles\/\" style=\"background-color:#17b598\">Sesiones infantiles<\/a><\/div>\n\n\n\n<p><\/p>\n\n\n\n<div class=\"wp-block-button\"><a class=\"wp-block-button__link has-background no-border-radius\" href=\"https:\/\/www.fotografiadereciennacido.com\/sesiones-familiares\/\" style=\"background-color:#17b598\">Sesiones familiares<\/a><\/div>\n\n\n\n<p><\/p>\n","protected":false},"excerpt":{"rendered":"","protected":false},"author":1,"featured_media":0,"parent":0,"menu_order":0,"comment_status":"closed","ping_status":"closed","template":"","meta":{"footnotes":""},"yoast_head":"<!-- This site is optimized with the Yoast SEO plugin v22.9 - https:\/\/yoast.com\/wordpress\/plugins\/seo\/ -->\n<title>Fotos de Reci\u00e9n Nacidos en Uruguay<\/title>\n<meta name=\"description\" content=\"Fotos de beb\u00e9s, reci\u00e9n nacidos y familias en uruguay. Montevideo y San Jos\u00e9 de Mayo\" \/>\n<meta name=\"robots\" content=\"index, follow, max-snippet:-1, max-image-preview:large, max-video-preview:-1\" \/>\n<link rel=\"canonical\" href=\"https:\/\/www.fotografiadereciennacido.com\/index.php\/sesiones\/\" \/>\n<meta property=\"og:locale\" content=\"es_ES\" \/>\n<meta property=\"og:type\" content=\"article\" \/>\n<meta property=\"og:title\" content=\"Fotos de Reci\u00e9n Nacidos en Uruguay\" \/>\n<meta property=\"og:description\" content=\"Fotos de beb\u00e9s, reci\u00e9n nacidos y familias en uruguay. Montevideo y San Jos\u00e9 de Mayo\" \/>\n<meta property=\"og:url\" content=\"https:\/\/www.fotografiadereciennacido.com\/index.php\/sesiones\/\" \/>\n<meta property=\"og:site_name\" content=\"Elo&iacute;sa Roquero Fotograf&iacute;a\" \/>\n<meta property=\"article:modified_time\" content=\"2020-09-17T20:10:57+00:00\" \/>\n<meta name=\"twitter:card\" content=\"summary_large_image\" \/>\n<script type=\"application\/ld+json\" class=\"yoast-schema-graph\">{\"@context\":\"https:\/\/schema.org\",\"@graph\":[{\"@type\":\"WebPage\",\"@id\":\"https:\/\/www.fotografiadereciennacido.com\/index.php\/sesiones\/\",\"url\":\"https:\/\/www.fotografiadereciennacido.com\/index.php\/sesiones\/\",\"name\":\"Fotos de Reci\u00e9n Nacidos en Uruguay\",\"isPartOf\":{\"@id\":\"https:\/\/www.fotografiadereciennacido.com\/#website\"},\"datePublished\":\"2019-07-12T02:23:15+00:00\",\"dateModified\":\"2020-09-17T20:10:57+00:00\",\"description\":\"Fotos de beb\u00e9s, reci\u00e9n nacidos y familias en uruguay. Montevideo y San Jos\u00e9 de Mayo\",\"breadcrumb\":{\"@id\":\"https:\/\/www.fotografiadereciennacido.com\/index.php\/sesiones\/#breadcrumb\"},\"inLanguage\":\"es\",\"potentialAction\":[{\"@type\":\"ReadAction\",\"target\":[\"https:\/\/www.fotografiadereciennacido.com\/index.php\/sesiones\/\"]}]},{\"@type\":\"BreadcrumbList\",\"@id\":\"https:\/\/www.fotografiadereciennacido.com\/index.php\/sesiones\/#breadcrumb\",\"itemListElement\":[{\"@type\":\"ListItem\",\"position\":1,\"name\":\"Portada\",\"item\":\"https:\/\/www.fotografiadereciennacido.com\/\"},{\"@type\":\"ListItem\",\"position\":2,\"name\":\"FOTOS RECI\u00c9N NACIDOS Y FAMILIAS EN URUGUAY\"}]},{\"@type\":\"WebSite\",\"@id\":\"https:\/\/www.fotografiadereciennacido.com\/#website\",\"url\":\"https:\/\/www.fotografiadereciennacido.com\/\",\"name\":\"Elo\u00edsa Roquero Fotograf\u00eda\",\"description\":\"Fotograf&iacute;a Infantil en San Jos&eacute; de Mayo\",\"publisher\":{\"@id\":\"https:\/\/www.fotografiadereciennacido.com\/#\/schema\/person\/85f22c1d782294d6ff0beb11f09b368c\"},\"potentialAction\":[{\"@type\":\"SearchAction\",\"target\":{\"@type\":\"EntryPoint\",\"urlTemplate\":\"https:\/\/www.fotografiadereciennacido.com\/?s={search_term_string}\"},\"query-input\":\"required name=search_term_string\"}],\"inLanguage\":\"es\"},{\"@type\":[\"Person\",\"Organization\"],\"@id\":\"https:\/\/www.fotografiadereciennacido.com\/#\/schema\/person\/85f22c1d782294d6ff0beb11f09b368c\",\"name\":\"admin\",\"image\":{\"@type\":\"ImageObject\",\"inLanguage\":\"es\",\"@id\":\"https:\/\/www.fotografiadereciennacido.com\/#\/schema\/person\/image\/\",\"url\":\"https:\/\/secure.gravatar.com\/avatar\/7fe5df0765ebcb75c457e93ea01d8886?s=96&d=mm&r=g\",\"contentUrl\":\"https:\/\/secure.gravatar.com\/avatar\/7fe5df0765ebcb75c457e93ea01d8886?s=96&d=mm&r=g\",\"caption\":\"admin\"},\"logo\":{\"@id\":\"https:\/\/www.fotografiadereciennacido.com\/#\/schema\/person\/image\/\"}}]}<\/script>\n<!-- \/ Yoast SEO plugin. -->","yoast_head_json":{"title":"Fotos de Reci\u00e9n Nacidos en Uruguay","description":"Fotos de beb\u00e9s, reci\u00e9n nacidos y familias en uruguay. Montevideo y San Jos\u00e9 de Mayo","robots":{"index":"index","follow":"follow","max-snippet":"max-snippet:-1","max-image-preview":"max-image-preview:large","max-video-preview":"max-video-preview:-1"},"canonical":"https:\/\/www.fotografiadereciennacido.com\/index.php\/sesiones\/","og_locale":"es_ES","og_type":"article","og_title":"Fotos de Reci\u00e9n Nacidos en Uruguay","og_description":"Fotos de beb\u00e9s, reci\u00e9n nacidos y familias en uruguay. Montevideo y San Jos\u00e9 de Mayo","og_url":"https:\/\/www.fotografiadereciennacido.com\/index.php\/sesiones\/","og_site_name":"Elo&iacute;sa Roquero Fotograf&iacute;a","article_modified_time":"2020-09-17T20:10:57+00:00","twitter_card":"summary_large_image","schema":{"@context":"https:\/\/schema.org","@graph":[{"@type":"WebPage","@id":"https:\/\/www.fotografiadereciennacido.com\/index.php\/sesiones\/","url":"https:\/\/www.fotografiadereciennacido.com\/index.php\/sesiones\/","name":"Fotos de Reci\u00e9n Nacidos en Uruguay","isPartOf":{"@id":"https:\/\/www.fotografiadereciennacido.com\/#website"},"datePublished":"2019-07-12T02:23:15+00:00","dateModified":"2020-09-17T20:10:57+00:00","description":"Fotos de beb\u00e9s, reci\u00e9n nacidos y familias en uruguay. Montevideo y San Jos\u00e9 de Mayo","breadcrumb":{"@id":"https:\/\/www.fotografiadereciennacido.com\/index.php\/sesiones\/#breadcrumb"},"inLanguage":"es","potentialAction":[{"@type":"ReadAction","target":["https:\/\/www.fotografiadereciennacido.com\/index.php\/sesiones\/"]}]},{"@type":"BreadcrumbList","@id":"https:\/\/www.fotografiadereciennacido.com\/index.php\/sesiones\/#breadcrumb","itemListElement":[{"@type":"ListItem","position":1,"name":"Portada","item":"https:\/\/www.fotografiadereciennacido.com\/"},{"@type":"ListItem","position":2,"name":"FOTOS RECI\u00c9N NACIDOS Y FAMILIAS EN URUGUAY"}]},{"@type":"WebSite","@id":"https:\/\/www.fotografiadereciennacido.com\/#website","url":"https:\/\/www.fotografiadereciennacido.com\/","name":"Elo\u00edsa Roquero Fotograf\u00eda","description":"Fotograf&iacute;a Infantil en San Jos&eacute; de Mayo","publisher":{"@id":"https:\/\/www.fotografiadereciennacido.com\/#\/schema\/person\/85f22c1d782294d6ff0beb11f09b368c"},"potentialAction":[{"@type":"SearchAction","target":{"@type":"EntryPoint","urlTemplate":"https:\/\/www.fotografiadereciennacido.com\/?s={search_term_string}"},"query-input":"required name=search_term_string"}],"inLanguage":"es"},{"@type":["Person","Organization"],"@id":"https:\/\/www.fotografiadereciennacido.com\/#\/schema\/person\/85f22c1d782294d6ff0beb11f09b368c","name":"admin","image":{"@type":"ImageObject","inLanguage":"es","@id":"https:\/\/www.fotografiadereciennacido.com\/#\/schema\/person\/image\/","url":"https:\/\/secure.gravatar.com\/avatar\/7fe5df0765ebcb75c457e93ea01d8886?s=96&d=mm&r=g","contentUrl":"https:\/\/secure.gravatar.com\/avatar\/7fe5df0765ebcb75c457e93ea01d8886?s=96&d=mm&r=g","caption":"admin"},"logo":{"@id":"https:\/\/www.fotografiadereciennacido.com\/#\/schema\/person\/image\/"}}]}},"_links":{"self":[{"href":"https:\/\/www.fotografiadereciennacido.com\/index.php\/wp-json\/wp\/v2\/pages\/21"}],"collection":[{"href":"https:\/\/www.fotografiadereciennacido.com\/index.php\/wp-json\/wp\/v2\/pages"}],"about":[{"href":"https:\/\/www.fotografiadereciennacido.com\/index.php\/wp-json\/wp\/v2\/types\/page"}],"author":[{"embeddable":true,"href":"https:\/\/www.fotografiadereciennacido.com\/index.php\/wp-json\/wp\/v2\/users\/1"}],"replies":[{"embeddable":true,"href":"https:\/\/www.fotografiadereciennacido.com\/index.php\/wp-json\/wp\/v2\/comments?post=21"}],"version-history":[{"count":7,"href":"https:\/\/www.fotografiadereciennacido.com\/index.php\/wp-json\/wp\/v2\/pages\/21\/revisions"}],"predecessor-version":[{"id":8074,"href":"https:\/\/www.fotografiadereciennacido.com\/index.php\/wp-json\/wp\/v2\/pages\/21\/revisions\/8074"}],"wp:attachment":[{"href":"https:\/\/www.fotografiadereciennacido.com\/index.php\/wp-json\/wp\/v2\/media?parent=21"}],"curies":[{"name":"wp","href":"https:\/\/api.w.org\/{rel}","templated":true}]}}