{"id":23,"date":"2019-07-12T02:25:00","date_gmt":"2019-07-12T02:25:00","guid":{"rendered":"https:\/\/www.fotografiadereciennacido.com\/?page_id=23"},"modified":"2020-06-13T23:11:28","modified_gmt":"2020-06-13T23:11:28","slug":"sesiones-mini-baby","status":"publish","type":"page","link":"https:\/\/www.fotografiadereciennacido.com\/index.php\/sesiones-mini-baby\/","title":{"rendered":"SESIONES MINI BABY"},"content":{"rendered":"\n<div class=\"wp-block-image\"><figure class=\"aligncenter\"><img decoding=\"async\" src=\"https:\/\/www.fotografiadereciennacido.com\/wp-content\/uploads\/2019\/07\/precios-mini-baby-801x1024.jpg\" alt=\"\" class=\"wp-image-95\"\/><\/figure><\/div>\n\n\n\n<div class=\"wp-block-jetpack-slideshow aligncenter\" data-autoplay=\"true\" data-delay=\"2\" data-effect=\"slide\"><div class=\"wp-block-jetpack-slideshow_container swiper-container\"><ul class=\"wp-block-jetpack-slideshow_swiper-wrapper swiper-wrapper\"><li class=\"wp-block-jetpack-slideshow_slide swiper-slide\"><figure><img loading=\"lazy\" decoding=\"async\" width=\"2560\" height=\"1709\" alt=\"\" class=\"wp-block-jetpack-slideshow_image wp-image-15\" data-id=\"15\" src=\"https:\/\/www.fotografiadereciennacido.com\/wp-content\/uploads\/2019\/07\/Previa-al-a\u00f1o-Renata-181.jpg\" srcset=\"https:\/\/www.fotografiadereciennacido.com\/wp-content\/uploads\/2019\/07\/Previa-al-a\u00f1o-Renata-181.jpg 2560w, https:\/\/www.fotografiadereciennacido.com\/wp-content\/uploads\/2019\/07\/Previa-al-a\u00f1o-Renata-181-600x401.jpg 600w, https:\/\/www.fotografiadereciennacido.com\/wp-content\/uploads\/2019\/07\/Previa-al-a\u00f1o-Renata-181-300x200.jpg 300w, https:\/\/www.fotografiadereciennacido.com\/wp-content\/uploads\/2019\/07\/Previa-al-a\u00f1o-Renata-181-768x513.jpg 768w, https:\/\/www.fotografiadereciennacido.com\/wp-content\/uploads\/2019\/07\/Previa-al-a\u00f1o-Renata-181-1024x684.jpg 1024w\" sizes=\"(max-width: 2560px) 100vw, 2560px\" \/><\/figure><\/li><li class=\"wp-block-jetpack-slideshow_slide swiper-slide\"><figure><img loading=\"lazy\" decoding=\"async\" width=\"1709\" height=\"2560\" alt=\"\" class=\"wp-block-jetpack-slideshow_image wp-image-14\" data-id=\"14\" src=\"https:\/\/www.fotografiadereciennacido.com\/wp-content\/uploads\/2019\/07\/Previa-al-a\u00f1o-Renata-173.jpg\" srcset=\"https:\/\/www.fotografiadereciennacido.com\/wp-content\/uploads\/2019\/07\/Previa-al-a\u00f1o-Renata-173.jpg 1709w, https:\/\/www.fotografiadereciennacido.com\/wp-content\/uploads\/2019\/07\/Previa-al-a\u00f1o-Renata-173-600x899.jpg 600w, https:\/\/www.fotografiadereciennacido.com\/wp-content\/uploads\/2019\/07\/Previa-al-a\u00f1o-Renata-173-200x300.jpg 200w, https:\/\/www.fotografiadereciennacido.com\/wp-content\/uploads\/2019\/07\/Previa-al-a\u00f1o-Renata-173-768x1150.jpg 768w, https:\/\/www.fotografiadereciennacido.com\/wp-content\/uploads\/2019\/07\/Previa-al-a\u00f1o-Renata-173-684x1024.jpg 684w\" sizes=\"(max-width: 1709px) 100vw, 1709px\" \/><\/figure><\/li><li class=\"wp-block-jetpack-slideshow_slide swiper-slide\"><figure><img loading=\"lazy\" decoding=\"async\" width=\"2560\" height=\"1709\" alt=\"\" class=\"wp-block-jetpack-slideshow_image wp-image-13\" data-id=\"13\" src=\"https:\/\/www.fotografiadereciennacido.com\/wp-content\/uploads\/2019\/07\/Previa-al-a\u00f1o-Renata-91.jpg\" srcset=\"https:\/\/www.fotografiadereciennacido.com\/wp-content\/uploads\/2019\/07\/Previa-al-a\u00f1o-Renata-91.jpg 2560w, https:\/\/www.fotografiadereciennacido.com\/wp-content\/uploads\/2019\/07\/Previa-al-a\u00f1o-Renata-91-600x401.jpg 600w, https:\/\/www.fotografiadereciennacido.com\/wp-content\/uploads\/2019\/07\/Previa-al-a\u00f1o-Renata-91-300x200.jpg 300w, https:\/\/www.fotografiadereciennacido.com\/wp-content\/uploads\/2019\/07\/Previa-al-a\u00f1o-Renata-91-768x513.jpg 768w, https:\/\/www.fotografiadereciennacido.com\/wp-content\/uploads\/2019\/07\/Previa-al-a\u00f1o-Renata-91-1024x684.jpg 1024w\" sizes=\"(max-width: 2560px) 100vw, 2560px\" \/><\/figure><\/li><li class=\"wp-block-jetpack-slideshow_slide swiper-slide\"><figure><img loading=\"lazy\" decoding=\"async\" width=\"2560\" height=\"1709\" alt=\"\" class=\"wp-block-jetpack-slideshow_image wp-image-12\" data-id=\"12\" src=\"https:\/\/www.fotografiadereciennacido.com\/wp-content\/uploads\/2019\/07\/Previa-al-a\u00f1o-Renata-73.jpg\" srcset=\"https:\/\/www.fotografiadereciennacido.com\/wp-content\/uploads\/2019\/07\/Previa-al-a\u00f1o-Renata-73.jpg 2560w, https:\/\/www.fotografiadereciennacido.com\/wp-content\/uploads\/2019\/07\/Previa-al-a\u00f1o-Renata-73-600x401.jpg 600w, https:\/\/www.fotografiadereciennacido.com\/wp-content\/uploads\/2019\/07\/Previa-al-a\u00f1o-Renata-73-300x200.jpg 300w, https:\/\/www.fotografiadereciennacido.com\/wp-content\/uploads\/2019\/07\/Previa-al-a\u00f1o-Renata-73-768x513.jpg 768w, https:\/\/www.fotografiadereciennacido.com\/wp-content\/uploads\/2019\/07\/Previa-al-a\u00f1o-Renata-73-1024x684.jpg 1024w\" sizes=\"(max-width: 2560px) 100vw, 2560px\" \/><\/figure><\/li><li class=\"wp-block-jetpack-slideshow_slide swiper-slide\"><figure><img loading=\"lazy\" decoding=\"async\" width=\"2560\" height=\"1709\" alt=\"\" class=\"wp-block-jetpack-slideshow_image wp-image-102\" data-id=\"102\" src=\"https:\/\/www.fotografiadereciennacido.com\/wp-content\/uploads\/2019\/07\/Previa-al-a\u00f1o-Joaqui-25.jpg\" srcset=\"https:\/\/www.fotografiadereciennacido.com\/wp-content\/uploads\/2019\/07\/Previa-al-a\u00f1o-Joaqui-25.jpg 2560w, https:\/\/www.fotografiadereciennacido.com\/wp-content\/uploads\/2019\/07\/Previa-al-a\u00f1o-Joaqui-25-600x401.jpg 600w, https:\/\/www.fotografiadereciennacido.com\/wp-content\/uploads\/2019\/07\/Previa-al-a\u00f1o-Joaqui-25-300x200.jpg 300w, https:\/\/www.fotografiadereciennacido.com\/wp-content\/uploads\/2019\/07\/Previa-al-a\u00f1o-Joaqui-25-768x513.jpg 768w, https:\/\/www.fotografiadereciennacido.com\/wp-content\/uploads\/2019\/07\/Previa-al-a\u00f1o-Joaqui-25-1024x684.jpg 1024w, https:\/\/www.fotografiadereciennacido.com\/wp-content\/uploads\/2019\/07\/Previa-al-a\u00f1o-Joaqui-25-272x182.jpg 272w\" sizes=\"(max-width: 2560px) 100vw, 2560px\" \/><\/figure><\/li><li class=\"wp-block-jetpack-slideshow_slide swiper-slide\"><figure><img loading=\"lazy\" decoding=\"async\" width=\"2560\" height=\"1709\" alt=\"\" class=\"wp-block-jetpack-slideshow_image wp-image-104\" data-id=\"104\" src=\"https:\/\/www.fotografiadereciennacido.com\/wp-content\/uploads\/2019\/07\/Previa-al-a\u00f1o-Joaqui-76.jpg\" srcset=\"https:\/\/www.fotografiadereciennacido.com\/wp-content\/uploads\/2019\/07\/Previa-al-a\u00f1o-Joaqui-76.jpg 2560w, https:\/\/www.fotografiadereciennacido.com\/wp-content\/uploads\/2019\/07\/Previa-al-a\u00f1o-Joaqui-76-600x401.jpg 600w, https:\/\/www.fotografiadereciennacido.com\/wp-content\/uploads\/2019\/07\/Previa-al-a\u00f1o-Joaqui-76-300x200.jpg 300w, https:\/\/www.fotografiadereciennacido.com\/wp-content\/uploads\/2019\/07\/Previa-al-a\u00f1o-Joaqui-76-768x513.jpg 768w, https:\/\/www.fotografiadereciennacido.com\/wp-content\/uploads\/2019\/07\/Previa-al-a\u00f1o-Joaqui-76-1024x684.jpg 1024w, https:\/\/www.fotografiadereciennacido.com\/wp-content\/uploads\/2019\/07\/Previa-al-a\u00f1o-Joaqui-76-272x182.jpg 272w\" sizes=\"(max-width: 2560px) 100vw, 2560px\" \/><\/figure><\/li><li class=\"wp-block-jetpack-slideshow_slide swiper-slide\"><figure><img loading=\"lazy\" decoding=\"async\" width=\"2560\" height=\"1709\" alt=\"\" class=\"wp-block-jetpack-slideshow_image wp-image-106\" data-id=\"106\" src=\"https:\/\/www.fotografiadereciennacido.com\/wp-content\/uploads\/2019\/07\/Previa-al-a\u00f1o-Joaqui-85-1.jpg\" srcset=\"https:\/\/www.fotografiadereciennacido.com\/wp-content\/uploads\/2019\/07\/Previa-al-a\u00f1o-Joaqui-85-1.jpg 2560w, https:\/\/www.fotografiadereciennacido.com\/wp-content\/uploads\/2019\/07\/Previa-al-a\u00f1o-Joaqui-85-1-600x401.jpg 600w, https:\/\/www.fotografiadereciennacido.com\/wp-content\/uploads\/2019\/07\/Previa-al-a\u00f1o-Joaqui-85-1-300x200.jpg 300w, https:\/\/www.fotografiadereciennacido.com\/wp-content\/uploads\/2019\/07\/Previa-al-a\u00f1o-Joaqui-85-1-768x513.jpg 768w, https:\/\/www.fotografiadereciennacido.com\/wp-content\/uploads\/2019\/07\/Previa-al-a\u00f1o-Joaqui-85-1-1024x684.jpg 1024w, https:\/\/www.fotografiadereciennacido.com\/wp-content\/uploads\/2019\/07\/Previa-al-a\u00f1o-Joaqui-85-1-272x182.jpg 272w\" sizes=\"(max-width: 2560px) 100vw, 2560px\" \/><\/figure><\/li><li class=\"wp-block-jetpack-slideshow_slide swiper-slide\"><figure><img loading=\"lazy\" decoding=\"async\" width=\"2560\" height=\"1709\" alt=\"\" class=\"wp-block-jetpack-slideshow_image wp-image-96\" data-id=\"96\" src=\"https:\/\/www.fotografiadereciennacido.com\/wp-content\/uploads\/2019\/07\/Previa-al-a\u00f1o-Joaqui-75.jpg\" srcset=\"https:\/\/www.fotografiadereciennacido.com\/wp-content\/uploads\/2019\/07\/Previa-al-a\u00f1o-Joaqui-75.jpg 2560w, https:\/\/www.fotografiadereciennacido.com\/wp-content\/uploads\/2019\/07\/Previa-al-a\u00f1o-Joaqui-75-600x401.jpg 600w, https:\/\/www.fotografiadereciennacido.com\/wp-content\/uploads\/2019\/07\/Previa-al-a\u00f1o-Joaqui-75-300x200.jpg 300w, https:\/\/www.fotografiadereciennacido.com\/wp-content\/uploads\/2019\/07\/Previa-al-a\u00f1o-Joaqui-75-768x513.jpg 768w, https:\/\/www.fotografiadereciennacido.com\/wp-content\/uploads\/2019\/07\/Previa-al-a\u00f1o-Joaqui-75-1024x684.jpg 1024w, https:\/\/www.fotografiadereciennacido.com\/wp-content\/uploads\/2019\/07\/Previa-al-a\u00f1o-Joaqui-75-272x182.jpg 272w\" sizes=\"(max-width: 2560px) 100vw, 2560px\" \/><\/figure><\/li><li class=\"wp-block-jetpack-slideshow_slide swiper-slide\"><figure><img decoding=\"async\" alt=\"\" class=\"wp-block-jetpack-slideshow_image wp-image-108\" data-id=\"108\" src=\"https:\/\/www.fotografiadereciennacido.com\/wp-content\/uploads\/2019\/07\/Previa-al-a\u00f1o-Joaqui-165.jpg\"\/><\/figure><\/li><li class=\"wp-block-jetpack-slideshow_slide swiper-slide\"><figure><img decoding=\"async\" alt=\"\" class=\"wp-block-jetpack-slideshow_image wp-image-111\" data-id=\"111\" src=\"https:\/\/www.fotografiadereciennacido.com\/wp-content\/uploads\/2019\/07\/Previa-al-a\u00f1o-Joaqui-185-1.jpg\"\/><\/figure><\/li><li class=\"wp-block-jetpack-slideshow_slide swiper-slide\"><figure><img decoding=\"async\" alt=\"\" class=\"wp-block-jetpack-slideshow_image wp-image-112\" data-id=\"112\" src=\"https:\/\/www.fotografiadereciennacido.com\/wp-content\/uploads\/2019\/07\/Previa-al-a\u00f1o-Joaqui-204-1.jpg\"\/><\/figure><\/li><li class=\"wp-block-jetpack-slideshow_slide swiper-slide\"><figure><img decoding=\"async\" alt=\"\" class=\"wp-block-jetpack-slideshow_image wp-image-113\" data-id=\"113\" src=\"https:\/\/www.fotografiadereciennacido.com\/wp-content\/uploads\/2019\/07\/Previa-al-a\u00f1o-Joaqui-263-1.jpg\"\/><\/figure><\/li><li class=\"wp-block-jetpack-slideshow_slide swiper-slide\"><figure><img loading=\"lazy\" decoding=\"async\" width=\"2560\" height=\"1709\" alt=\"\" class=\"wp-block-jetpack-slideshow_image wp-image-114\" data-id=\"114\" src=\"https:\/\/www.fotografiadereciennacido.com\/wp-content\/uploads\/2019\/07\/Previa-al-a\u00f1o-Joaqui-277-1.jpg\" srcset=\"https:\/\/www.fotografiadereciennacido.com\/wp-content\/uploads\/2019\/07\/Previa-al-a\u00f1o-Joaqui-277-1.jpg 2560w, https:\/\/www.fotografiadereciennacido.com\/wp-content\/uploads\/2019\/07\/Previa-al-a\u00f1o-Joaqui-277-1-600x401.jpg 600w, https:\/\/www.fotografiadereciennacido.com\/wp-content\/uploads\/2019\/07\/Previa-al-a\u00f1o-Joaqui-277-1-300x200.jpg 300w, https:\/\/www.fotografiadereciennacido.com\/wp-content\/uploads\/2019\/07\/Previa-al-a\u00f1o-Joaqui-277-1-768x513.jpg 768w, https:\/\/www.fotografiadereciennacido.com\/wp-content\/uploads\/2019\/07\/Previa-al-a\u00f1o-Joaqui-277-1-1024x684.jpg 1024w, https:\/\/www.fotografiadereciennacido.com\/wp-content\/uploads\/2019\/07\/Previa-al-a\u00f1o-Joaqui-277-1-272x182.jpg 272w\" sizes=\"(max-width: 2560px) 100vw, 2560px\" \/><\/figure><\/li><li class=\"wp-block-jetpack-slideshow_slide swiper-slide\"><figure><img decoding=\"async\" alt=\"\" class=\"wp-block-jetpack-slideshow_image wp-image-115\" data-id=\"115\" src=\"https:\/\/www.fotografiadereciennacido.com\/wp-content\/uploads\/2019\/07\/Previa-al-a\u00f1o-Joaqui-313-1.jpg\"\/><\/figure><\/li><li class=\"wp-block-jetpack-slideshow_slide swiper-slide\"><figure><img decoding=\"async\" alt=\"\" class=\"wp-block-jetpack-slideshow_image wp-image-116\" data-id=\"116\" src=\"https:\/\/www.fotografiadereciennacido.com\/wp-content\/uploads\/2019\/07\/Previa-al-a\u00f1o-Joaqui-317-1.jpg\"\/><\/figure><\/li><\/ul><a class=\"wp-block-jetpack-slideshow_button-prev swiper-button-prev swiper-button-white\" role=\"button\"><\/a><a class=\"wp-block-jetpack-slideshow_button-next swiper-button-next swiper-button-white\" role=\"button\"><\/a><a aria-label=\"Pause Slideshow\" class=\"wp-block-jetpack-slideshow_button-pause\" role=\"button\"><\/a><div class=\"wp-block-jetpack-slideshow_pagination swiper-pagination swiper-pagination-white\"><\/div><\/div><\/div>\n","protected":false},"excerpt":{"rendered":"","protected":false},"author":1,"featured_media":0,"parent":0,"menu_order":0,"comment_status":"closed","ping_status":"closed","template":"","meta":{"footnotes":""},"yoast_head":"<!-- This site is optimized with the Yoast SEO plugin v22.9 - https:\/\/yoast.com\/wordpress\/plugins\/seo\/ -->\n<title>SESIONES MINI BABY<\/title>\n<meta name=\"description\" content=\"Fotos de beb\u00e9s, ni\u00f1os y familias. Fotos previas al a\u00f1o en Montevideo y San Jos\u00e9 de Mayo. Retratamos momentos y etapas a trav\u00e9s del color.\" \/>\n<meta name=\"robots\" content=\"index, follow, max-snippet:-1, max-image-preview:large, max-video-preview:-1\" \/>\n<link rel=\"canonical\" href=\"https:\/\/www.fotografiadereciennacido.com\/index.php\/sesiones-mini-baby\/\" \/>\n<meta property=\"og:locale\" content=\"es_ES\" \/>\n<meta property=\"og:type\" content=\"article\" \/>\n<meta property=\"og:title\" content=\"SESIONES MINI BABY\" \/>\n<meta property=\"og:description\" content=\"Fotos de beb\u00e9s, ni\u00f1os y familias. Fotos previas al a\u00f1o en Montevideo y San Jos\u00e9 de Mayo. Retratamos momentos y etapas a trav\u00e9s del color.\" \/>\n<meta property=\"og:url\" content=\"https:\/\/www.fotografiadereciennacido.com\/index.php\/sesiones-mini-baby\/\" \/>\n<meta property=\"og:site_name\" content=\"Elo&iacute;sa Roquero Fotograf&iacute;a\" \/>\n<meta property=\"article:modified_time\" content=\"2020-06-13T23:11:28+00:00\" \/>\n<meta property=\"og:image\" content=\"https:\/\/www.fotografiadereciennacido.com\/wp-content\/uploads\/2019\/07\/precios-mini-baby-801x1024.jpg\" \/>\n<meta name=\"twitter:card\" content=\"summary_large_image\" \/>\n<script type=\"application\/ld+json\" class=\"yoast-schema-graph\">{\"@context\":\"https:\/\/schema.org\",\"@graph\":[{\"@type\":\"WebPage\",\"@id\":\"https:\/\/www.fotografiadereciennacido.com\/index.php\/sesiones-mini-baby\/\",\"url\":\"https:\/\/www.fotografiadereciennacido.com\/index.php\/sesiones-mini-baby\/\",\"name\":\"SESIONES MINI BABY\",\"isPartOf\":{\"@id\":\"https:\/\/www.fotografiadereciennacido.com\/#website\"},\"primaryImageOfPage\":{\"@id\":\"https:\/\/www.fotografiadereciennacido.com\/index.php\/sesiones-mini-baby\/#primaryimage\"},\"image\":{\"@id\":\"https:\/\/www.fotografiadereciennacido.com\/index.php\/sesiones-mini-baby\/#primaryimage\"},\"thumbnailUrl\":\"https:\/\/www.fotografiadereciennacido.com\/wp-content\/uploads\/2019\/07\/precios-mini-baby-801x1024.jpg\",\"datePublished\":\"2019-07-12T02:25:00+00:00\",\"dateModified\":\"2020-06-13T23:11:28+00:00\",\"description\":\"Fotos de beb\u00e9s, ni\u00f1os y familias. Fotos previas al a\u00f1o en Montevideo y San Jos\u00e9 de Mayo. Retratamos momentos y etapas a trav\u00e9s del color.\",\"breadcrumb\":{\"@id\":\"https:\/\/www.fotografiadereciennacido.com\/index.php\/sesiones-mini-baby\/#breadcrumb\"},\"inLanguage\":\"es\",\"potentialAction\":[{\"@type\":\"ReadAction\",\"target\":[\"https:\/\/www.fotografiadereciennacido.com\/index.php\/sesiones-mini-baby\/\"]}]},{\"@type\":\"ImageObject\",\"inLanguage\":\"es\",\"@id\":\"https:\/\/www.fotografiadereciennacido.com\/index.php\/sesiones-mini-baby\/#primaryimage\",\"url\":\"https:\/\/www.fotografiadereciennacido.com\/wp-content\/uploads\/2019\/07\/precios-mini-baby-801x1024.jpg\",\"contentUrl\":\"https:\/\/www.fotografiadereciennacido.com\/wp-content\/uploads\/2019\/07\/precios-mini-baby-801x1024.jpg\"},{\"@type\":\"BreadcrumbList\",\"@id\":\"https:\/\/www.fotografiadereciennacido.com\/index.php\/sesiones-mini-baby\/#breadcrumb\",\"itemListElement\":[{\"@type\":\"ListItem\",\"position\":1,\"name\":\"Portada\",\"item\":\"https:\/\/www.fotografiadereciennacido.com\/\"},{\"@type\":\"ListItem\",\"position\":2,\"name\":\"SESIONES MINI BABY\"}]},{\"@type\":\"WebSite\",\"@id\":\"https:\/\/www.fotografiadereciennacido.com\/#website\",\"url\":\"https:\/\/www.fotografiadereciennacido.com\/\",\"name\":\"Elo\u00edsa Roquero Fotograf\u00eda\",\"description\":\"Fotograf&iacute;a Infantil en San Jos&eacute; de Mayo\",\"publisher\":{\"@id\":\"https:\/\/www.fotografiadereciennacido.com\/#\/schema\/person\/85f22c1d782294d6ff0beb11f09b368c\"},\"potentialAction\":[{\"@type\":\"SearchAction\",\"target\":{\"@type\":\"EntryPoint\",\"urlTemplate\":\"https:\/\/www.fotografiadereciennacido.com\/?s={search_term_string}\"},\"query-input\":\"required name=search_term_string\"}],\"inLanguage\":\"es\"},{\"@type\":[\"Person\",\"Organization\"],\"@id\":\"https:\/\/www.fotografiadereciennacido.com\/#\/schema\/person\/85f22c1d782294d6ff0beb11f09b368c\",\"name\":\"admin\",\"image\":{\"@type\":\"ImageObject\",\"inLanguage\":\"es\",\"@id\":\"https:\/\/www.fotografiadereciennacido.com\/#\/schema\/person\/image\/\",\"url\":\"https:\/\/secure.gravatar.com\/avatar\/7fe5df0765ebcb75c457e93ea01d8886?s=96&d=mm&r=g\",\"contentUrl\":\"https:\/\/secure.gravatar.com\/avatar\/7fe5df0765ebcb75c457e93ea01d8886?s=96&d=mm&r=g\",\"caption\":\"admin\"},\"logo\":{\"@id\":\"https:\/\/www.fotografiadereciennacido.com\/#\/schema\/person\/image\/\"}}]}<\/script>\n<!-- \/ Yoast SEO plugin. -->","yoast_head_json":{"title":"SESIONES MINI BABY","description":"Fotos de beb\u00e9s, ni\u00f1os y familias. Fotos previas al a\u00f1o en Montevideo y San Jos\u00e9 de Mayo. Retratamos momentos y etapas a trav\u00e9s del color.","robots":{"index":"index","follow":"follow","max-snippet":"max-snippet:-1","max-image-preview":"max-image-preview:large","max-video-preview":"max-video-preview:-1"},"canonical":"https:\/\/www.fotografiadereciennacido.com\/index.php\/sesiones-mini-baby\/","og_locale":"es_ES","og_type":"article","og_title":"SESIONES MINI BABY","og_description":"Fotos de beb\u00e9s, ni\u00f1os y familias. Fotos previas al a\u00f1o en Montevideo y San Jos\u00e9 de Mayo. Retratamos momentos y etapas a trav\u00e9s del color.","og_url":"https:\/\/www.fotografiadereciennacido.com\/index.php\/sesiones-mini-baby\/","og_site_name":"Elo&iacute;sa Roquero Fotograf&iacute;a","article_modified_time":"2020-06-13T23:11:28+00:00","og_image":[{"url":"https:\/\/www.fotografiadereciennacido.com\/wp-content\/uploads\/2019\/07\/precios-mini-baby-801x1024.jpg"}],"twitter_card":"summary_large_image","schema":{"@context":"https:\/\/schema.org","@graph":[{"@type":"WebPage","@id":"https:\/\/www.fotografiadereciennacido.com\/index.php\/sesiones-mini-baby\/","url":"https:\/\/www.fotografiadereciennacido.com\/index.php\/sesiones-mini-baby\/","name":"SESIONES MINI BABY","isPartOf":{"@id":"https:\/\/www.fotografiadereciennacido.com\/#website"},"primaryImageOfPage":{"@id":"https:\/\/www.fotografiadereciennacido.com\/index.php\/sesiones-mini-baby\/#primaryimage"},"image":{"@id":"https:\/\/www.fotografiadereciennacido.com\/index.php\/sesiones-mini-baby\/#primaryimage"},"thumbnailUrl":"https:\/\/www.fotografiadereciennacido.com\/wp-content\/uploads\/2019\/07\/precios-mini-baby-801x1024.jpg","datePublished":"2019-07-12T02:25:00+00:00","dateModified":"2020-06-13T23:11:28+00:00","description":"Fotos de beb\u00e9s, ni\u00f1os y familias. Fotos previas al a\u00f1o en Montevideo y San Jos\u00e9 de Mayo. Retratamos momentos y etapas a trav\u00e9s del color.","breadcrumb":{"@id":"https:\/\/www.fotografiadereciennacido.com\/index.php\/sesiones-mini-baby\/#breadcrumb"},"inLanguage":"es","potentialAction":[{"@type":"ReadAction","target":["https:\/\/www.fotografiadereciennacido.com\/index.php\/sesiones-mini-baby\/"]}]},{"@type":"ImageObject","inLanguage":"es","@id":"https:\/\/www.fotografiadereciennacido.com\/index.php\/sesiones-mini-baby\/#primaryimage","url":"https:\/\/www.fotografiadereciennacido.com\/wp-content\/uploads\/2019\/07\/precios-mini-baby-801x1024.jpg","contentUrl":"https:\/\/www.fotografiadereciennacido.com\/wp-content\/uploads\/2019\/07\/precios-mini-baby-801x1024.jpg"},{"@type":"BreadcrumbList","@id":"https:\/\/www.fotografiadereciennacido.com\/index.php\/sesiones-mini-baby\/#breadcrumb","itemListElement":[{"@type":"ListItem","position":1,"name":"Portada","item":"https:\/\/www.fotografiadereciennacido.com\/"},{"@type":"ListItem","position":2,"name":"SESIONES MINI BABY"}]},{"@type":"WebSite","@id":"https:\/\/www.fotografiadereciennacido.com\/#website","url":"https:\/\/www.fotografiadereciennacido.com\/","name":"Elo\u00edsa Roquero Fotograf\u00eda","description":"Fotograf&iacute;a Infantil en San Jos&eacute; de Mayo","publisher":{"@id":"https:\/\/www.fotografiadereciennacido.com\/#\/schema\/person\/85f22c1d782294d6ff0beb11f09b368c"},"potentialAction":[{"@type":"SearchAction","target":{"@type":"EntryPoint","urlTemplate":"https:\/\/www.fotografiadereciennacido.com\/?s={search_term_string}"},"query-input":"required name=search_term_string"}],"inLanguage":"es"},{"@type":["Person","Organization"],"@id":"https:\/\/www.fotografiadereciennacido.com\/#\/schema\/person\/85f22c1d782294d6ff0beb11f09b368c","name":"admin","image":{"@type":"ImageObject","inLanguage":"es","@id":"https:\/\/www.fotografiadereciennacido.com\/#\/schema\/person\/image\/","url":"https:\/\/secure.gravatar.com\/avatar\/7fe5df0765ebcb75c457e93ea01d8886?s=96&d=mm&r=g","contentUrl":"https:\/\/secure.gravatar.com\/avatar\/7fe5df0765ebcb75c457e93ea01d8886?s=96&d=mm&r=g","caption":"admin"},"logo":{"@id":"https:\/\/www.fotografiadereciennacido.com\/#\/schema\/person\/image\/"}}]}},"_links":{"self":[{"href":"https:\/\/www.fotografiadereciennacido.com\/index.php\/wp-json\/wp\/v2\/pages\/23"}],"collection":[{"href":"https:\/\/www.fotografiadereciennacido.com\/index.php\/wp-json\/wp\/v2\/pages"}],"about":[{"href":"https:\/\/www.fotografiadereciennacido.com\/index.php\/wp-json\/wp\/v2\/types\/page"}],"author":[{"embeddable":true,"href":"https:\/\/www.fotografiadereciennacido.com\/index.php\/wp-json\/wp\/v2\/users\/1"}],"replies":[{"embeddable":true,"href":"https:\/\/www.fotografiadereciennacido.com\/index.php\/wp-json\/wp\/v2\/comments?post=23"}],"version-history":[{"count":2,"href":"https:\/\/www.fotografiadereciennacido.com\/index.php\/wp-json\/wp\/v2\/pages\/23\/revisions"}],"predecessor-version":[{"id":8053,"href":"https:\/\/www.fotografiadereciennacido.com\/index.php\/wp-json\/wp\/v2\/pages\/23\/revisions\/8053"}],"wp:attachment":[{"href":"https:\/\/www.fotografiadereciennacido.com\/index.php\/wp-json\/wp\/v2\/media?parent=23"}],"curies":[{"name":"wp","href":"https:\/\/api.w.org\/{rel}","templated":true}]}}