{"id":230,"date":"2019-07-13T21:58:05","date_gmt":"2019-07-13T21:58:05","guid":{"rendered":"https:\/\/www.fotografiadereciennacido.com\/?page_id=230"},"modified":"2019-07-26T16:36:42","modified_gmt":"2019-07-26T16:36:42","slug":"recursos-para-mamis","status":"publish","type":"page","link":"https:\/\/www.fotografiadereciennacido.com\/index.php\/recursos-para-mamis\/","title":{"rendered":"RECURSOS PARA MAMIS"},"content":{"rendered":"\n<script type=\"text\/javascript\" src=\"\/\/downloads.mailchimp.com\/js\/signup-forms\/popup\/unique-methods\/embed.js\" data-dojo-config=\"usePlainJson: true, isDebug: false\"><\/script><script type=\"text\/javascript\">window.dojoRequire([\"mojo\/signup-forms\/Loader\"], function(L) { L.start({\"baseUrl\":\"mc.us3.list-manage.com\",\"uuid\":\"692b38aeaa5fdf5be909f516d\",\"lid\":\"e3edc9c150\",\"uniqueMethods\":true}) })<\/script>\n\n\n\n<div class=\"wp-block-button is-style-squared\"><a class=\"wp-block-button__link\" href=\"https:\/\/www.fotografiadereciennacido.com\/index.php\/por-que-una-sesion-de-recien-nacido\/\">\u00bfPor qu\u00e9 realizar una sesi\u00f3n de reci\u00e9n nacido?<\/a><\/div>\n\n\n\n<div class=\"wp-block-button is-style-squared\"><a class=\"wp-block-button__link\" href=\"https:\/\/www.fotografiadereciennacido.com\/index.php\/como-envolver-a-mi-bebe-para-ayudar-a-calmarlo\/\">\u00bfC\u00f3mo envolver a mi beb\u00e9 para ayudar a calmarlo?<\/a><\/div>\n\n\n\n<div class=\"wp-block-button is-style-squared\"><a class=\"wp-block-button__link\" href=\"https:\/\/www.fotografiadereciennacido.com\/index.php\/como-calmar-a-un-bebe\/\">\u00bfC\u00f3mo calmar un beb\u00e9?<\/a><\/div>\n\n\n\n<p>Tambi\u00e9n pod\u00e9s ingresar en nuestra p\u00e1gina Soy Mam\u00e1 en San Jos\u00e9 si eres de San Jos\u00e9 y quieres tener toda la informaci\u00f3n en un solo lugar<\/p>\n\n\n\n<div class=\"wp-block-button is-style-squared\"><a class=\"wp-block-button__link\" href=\"https:\/\/www.soymamaensanjose.com.uy\">Ir a Soy Mam\u00e1 en San Jos\u00e9<\/a><\/div>\n\n\n\n<div class=\"wp-block-image\"><figure class=\"aligncenter\"><img loading=\"lazy\" decoding=\"async\" width=\"300\" height=\"190\" src=\"https:\/\/www.fotografiadereciennacido.com\/wp-content\/uploads\/2019\/07\/Eloisa_Roquero_1-300x190.png\" alt=\"\" class=\"wp-image-200\" srcset=\"https:\/\/www.fotografiadereciennacido.com\/wp-content\/uploads\/2019\/07\/Eloisa_Roquero_1-300x190.png 300w, https:\/\/www.fotografiadereciennacido.com\/wp-content\/uploads\/2019\/07\/Eloisa_Roquero_1-600x380.png 600w, https:\/\/www.fotografiadereciennacido.com\/wp-content\/uploads\/2019\/07\/Eloisa_Roquero_1-768x486.png 768w, https:\/\/www.fotografiadereciennacido.com\/wp-content\/uploads\/2019\/07\/Eloisa_Roquero_1-1024x648.png 1024w\" sizes=\"(max-width: 300px) 100vw, 300px\" \/><\/figure><\/div>\n","protected":false},"excerpt":{"rendered":"<p>Tambi\u00e9n pod\u00e9s ingresar en nuestra p\u00e1gina Soy Mam\u00e1 en San Jos\u00e9 si eres de San Jos\u00e9 y quieres tener toda la informaci\u00f3n en un solo lugar<\/p>\n","protected":false},"author":1,"featured_media":0,"parent":0,"menu_order":0,"comment_status":"closed","ping_status":"closed","template":"","meta":{"footnotes":""},"yoast_head":"<!-- This site is optimized with the Yoast SEO plugin v22.9 - https:\/\/yoast.com\/wordpress\/plugins\/seo\/ -->\n<title>RECURSOS PARA MAMIS<\/title>\n<meta name=\"description\" content=\"\u00bfPor qu\u00e9 realizar una sesi\u00f3n de reci\u00e9n nacido? \u00bfC\u00f3mo envolver a mi beb\u00e9 para ayudar a calmarlo? \u00bfC\u00f3mo calmar un beb\u00e9? Tambi\u00e9n pod\u00e9s ingresar en nuestra\" \/>\n<meta name=\"robots\" content=\"index, follow, max-snippet:-1, max-image-preview:large, max-video-preview:-1\" \/>\n<link rel=\"canonical\" href=\"https:\/\/www.fotografiadereciennacido.com\/index.php\/recursos-para-mamis\/\" \/>\n<meta property=\"og:locale\" content=\"es_ES\" \/>\n<meta property=\"og:type\" content=\"article\" \/>\n<meta property=\"og:title\" content=\"RECURSOS PARA MAMIS\" \/>\n<meta property=\"og:description\" content=\"\u00bfPor qu\u00e9 realizar una sesi\u00f3n de reci\u00e9n nacido? \u00bfC\u00f3mo envolver a mi beb\u00e9 para ayudar a calmarlo? \u00bfC\u00f3mo calmar un beb\u00e9? Tambi\u00e9n pod\u00e9s ingresar en nuestra\" \/>\n<meta property=\"og:url\" content=\"https:\/\/www.fotografiadereciennacido.com\/index.php\/recursos-para-mamis\/\" \/>\n<meta property=\"og:site_name\" content=\"Elo&iacute;sa Roquero Fotograf&iacute;a\" \/>\n<meta property=\"article:modified_time\" content=\"2019-07-26T16:36:42+00:00\" \/>\n<meta property=\"og:image\" content=\"https:\/\/www.fotografiadereciennacido.com\/wp-content\/uploads\/2019\/07\/Eloisa_Roquero_1-300x190.png\" \/>\n<meta name=\"twitter:card\" content=\"summary_large_image\" \/>\n<script type=\"application\/ld+json\" class=\"yoast-schema-graph\">{\"@context\":\"https:\/\/schema.org\",\"@graph\":[{\"@type\":\"WebPage\",\"@id\":\"https:\/\/www.fotografiadereciennacido.com\/index.php\/recursos-para-mamis\/\",\"url\":\"https:\/\/www.fotografiadereciennacido.com\/index.php\/recursos-para-mamis\/\",\"name\":\"RECURSOS PARA MAMIS\",\"isPartOf\":{\"@id\":\"https:\/\/www.fotografiadereciennacido.com\/#website\"},\"primaryImageOfPage\":{\"@id\":\"https:\/\/www.fotografiadereciennacido.com\/index.php\/recursos-para-mamis\/#primaryimage\"},\"image\":{\"@id\":\"https:\/\/www.fotografiadereciennacido.com\/index.php\/recursos-para-mamis\/#primaryimage\"},\"thumbnailUrl\":\"https:\/\/www.fotografiadereciennacido.com\/wp-content\/uploads\/2019\/07\/Eloisa_Roquero_1-300x190.png\",\"datePublished\":\"2019-07-13T21:58:05+00:00\",\"dateModified\":\"2019-07-26T16:36:42+00:00\",\"description\":\"\u00bfPor qu\u00e9 realizar una sesi\u00f3n de reci\u00e9n nacido? \u00bfC\u00f3mo envolver a mi beb\u00e9 para ayudar a calmarlo? \u00bfC\u00f3mo calmar un beb\u00e9? Tambi\u00e9n pod\u00e9s ingresar en nuestra\",\"breadcrumb\":{\"@id\":\"https:\/\/www.fotografiadereciennacido.com\/index.php\/recursos-para-mamis\/#breadcrumb\"},\"inLanguage\":\"es\",\"potentialAction\":[{\"@type\":\"ReadAction\",\"target\":[\"https:\/\/www.fotografiadereciennacido.com\/index.php\/recursos-para-mamis\/\"]}]},{\"@type\":\"ImageObject\",\"inLanguage\":\"es\",\"@id\":\"https:\/\/www.fotografiadereciennacido.com\/index.php\/recursos-para-mamis\/#primaryimage\",\"url\":\"https:\/\/www.fotografiadereciennacido.com\/wp-content\/uploads\/2019\/07\/Eloisa_Roquero_1.png\",\"contentUrl\":\"https:\/\/www.fotografiadereciennacido.com\/wp-content\/uploads\/2019\/07\/Eloisa_Roquero_1.png\",\"width\":2400,\"height\":1519},{\"@type\":\"BreadcrumbList\",\"@id\":\"https:\/\/www.fotografiadereciennacido.com\/index.php\/recursos-para-mamis\/#breadcrumb\",\"itemListElement\":[{\"@type\":\"ListItem\",\"position\":1,\"name\":\"Portada\",\"item\":\"https:\/\/www.fotografiadereciennacido.com\/\"},{\"@type\":\"ListItem\",\"position\":2,\"name\":\"RECURSOS PARA MAMIS\"}]},{\"@type\":\"WebSite\",\"@id\":\"https:\/\/www.fotografiadereciennacido.com\/#website\",\"url\":\"https:\/\/www.fotografiadereciennacido.com\/\",\"name\":\"Elo\u00edsa Roquero Fotograf\u00eda\",\"description\":\"Fotograf&iacute;a Infantil en San Jos&eacute; de Mayo\",\"publisher\":{\"@id\":\"https:\/\/www.fotografiadereciennacido.com\/#\/schema\/person\/85f22c1d782294d6ff0beb11f09b368c\"},\"potentialAction\":[{\"@type\":\"SearchAction\",\"target\":{\"@type\":\"EntryPoint\",\"urlTemplate\":\"https:\/\/www.fotografiadereciennacido.com\/?s={search_term_string}\"},\"query-input\":\"required name=search_term_string\"}],\"inLanguage\":\"es\"},{\"@type\":[\"Person\",\"Organization\"],\"@id\":\"https:\/\/www.fotografiadereciennacido.com\/#\/schema\/person\/85f22c1d782294d6ff0beb11f09b368c\",\"name\":\"admin\",\"image\":{\"@type\":\"ImageObject\",\"inLanguage\":\"es\",\"@id\":\"https:\/\/www.fotografiadereciennacido.com\/#\/schema\/person\/image\/\",\"url\":\"https:\/\/secure.gravatar.com\/avatar\/7fe5df0765ebcb75c457e93ea01d8886?s=96&d=mm&r=g\",\"contentUrl\":\"https:\/\/secure.gravatar.com\/avatar\/7fe5df0765ebcb75c457e93ea01d8886?s=96&d=mm&r=g\",\"caption\":\"admin\"},\"logo\":{\"@id\":\"https:\/\/www.fotografiadereciennacido.com\/#\/schema\/person\/image\/\"}}]}<\/script>\n<!-- \/ Yoast SEO plugin. -->","yoast_head_json":{"title":"RECURSOS PARA MAMIS","description":"\u00bfPor qu\u00e9 realizar una sesi\u00f3n de reci\u00e9n nacido? \u00bfC\u00f3mo envolver a mi beb\u00e9 para ayudar a calmarlo? \u00bfC\u00f3mo calmar un beb\u00e9? Tambi\u00e9n pod\u00e9s ingresar en nuestra","robots":{"index":"index","follow":"follow","max-snippet":"max-snippet:-1","max-image-preview":"max-image-preview:large","max-video-preview":"max-video-preview:-1"},"canonical":"https:\/\/www.fotografiadereciennacido.com\/index.php\/recursos-para-mamis\/","og_locale":"es_ES","og_type":"article","og_title":"RECURSOS PARA MAMIS","og_description":"\u00bfPor qu\u00e9 realizar una sesi\u00f3n de reci\u00e9n nacido? \u00bfC\u00f3mo envolver a mi beb\u00e9 para ayudar a calmarlo? \u00bfC\u00f3mo calmar un beb\u00e9? Tambi\u00e9n pod\u00e9s ingresar en nuestra","og_url":"https:\/\/www.fotografiadereciennacido.com\/index.php\/recursos-para-mamis\/","og_site_name":"Elo&iacute;sa Roquero Fotograf&iacute;a","article_modified_time":"2019-07-26T16:36:42+00:00","og_image":[{"url":"https:\/\/www.fotografiadereciennacido.com\/wp-content\/uploads\/2019\/07\/Eloisa_Roquero_1-300x190.png"}],"twitter_card":"summary_large_image","schema":{"@context":"https:\/\/schema.org","@graph":[{"@type":"WebPage","@id":"https:\/\/www.fotografiadereciennacido.com\/index.php\/recursos-para-mamis\/","url":"https:\/\/www.fotografiadereciennacido.com\/index.php\/recursos-para-mamis\/","name":"RECURSOS PARA MAMIS","isPartOf":{"@id":"https:\/\/www.fotografiadereciennacido.com\/#website"},"primaryImageOfPage":{"@id":"https:\/\/www.fotografiadereciennacido.com\/index.php\/recursos-para-mamis\/#primaryimage"},"image":{"@id":"https:\/\/www.fotografiadereciennacido.com\/index.php\/recursos-para-mamis\/#primaryimage"},"thumbnailUrl":"https:\/\/www.fotografiadereciennacido.com\/wp-content\/uploads\/2019\/07\/Eloisa_Roquero_1-300x190.png","datePublished":"2019-07-13T21:58:05+00:00","dateModified":"2019-07-26T16:36:42+00:00","description":"\u00bfPor qu\u00e9 realizar una sesi\u00f3n de reci\u00e9n nacido? \u00bfC\u00f3mo envolver a mi beb\u00e9 para ayudar a calmarlo? \u00bfC\u00f3mo calmar un beb\u00e9? Tambi\u00e9n pod\u00e9s ingresar en nuestra","breadcrumb":{"@id":"https:\/\/www.fotografiadereciennacido.com\/index.php\/recursos-para-mamis\/#breadcrumb"},"inLanguage":"es","potentialAction":[{"@type":"ReadAction","target":["https:\/\/www.fotografiadereciennacido.com\/index.php\/recursos-para-mamis\/"]}]},{"@type":"ImageObject","inLanguage":"es","@id":"https:\/\/www.fotografiadereciennacido.com\/index.php\/recursos-para-mamis\/#primaryimage","url":"https:\/\/www.fotografiadereciennacido.com\/wp-content\/uploads\/2019\/07\/Eloisa_Roquero_1.png","contentUrl":"https:\/\/www.fotografiadereciennacido.com\/wp-content\/uploads\/2019\/07\/Eloisa_Roquero_1.png","width":2400,"height":1519},{"@type":"BreadcrumbList","@id":"https:\/\/www.fotografiadereciennacido.com\/index.php\/recursos-para-mamis\/#breadcrumb","itemListElement":[{"@type":"ListItem","position":1,"name":"Portada","item":"https:\/\/www.fotografiadereciennacido.com\/"},{"@type":"ListItem","position":2,"name":"RECURSOS PARA MAMIS"}]},{"@type":"WebSite","@id":"https:\/\/www.fotografiadereciennacido.com\/#website","url":"https:\/\/www.fotografiadereciennacido.com\/","name":"Elo\u00edsa Roquero Fotograf\u00eda","description":"Fotograf&iacute;a Infantil en San Jos&eacute; de Mayo","publisher":{"@id":"https:\/\/www.fotografiadereciennacido.com\/#\/schema\/person\/85f22c1d782294d6ff0beb11f09b368c"},"potentialAction":[{"@type":"SearchAction","target":{"@type":"EntryPoint","urlTemplate":"https:\/\/www.fotografiadereciennacido.com\/?s={search_term_string}"},"query-input":"required name=search_term_string"}],"inLanguage":"es"},{"@type":["Person","Organization"],"@id":"https:\/\/www.fotografiadereciennacido.com\/#\/schema\/person\/85f22c1d782294d6ff0beb11f09b368c","name":"admin","image":{"@type":"ImageObject","inLanguage":"es","@id":"https:\/\/www.fotografiadereciennacido.com\/#\/schema\/person\/image\/","url":"https:\/\/secure.gravatar.com\/avatar\/7fe5df0765ebcb75c457e93ea01d8886?s=96&d=mm&r=g","contentUrl":"https:\/\/secure.gravatar.com\/avatar\/7fe5df0765ebcb75c457e93ea01d8886?s=96&d=mm&r=g","caption":"admin"},"logo":{"@id":"https:\/\/www.fotografiadereciennacido.com\/#\/schema\/person\/image\/"}}]}},"_links":{"self":[{"href":"https:\/\/www.fotografiadereciennacido.com\/index.php\/wp-json\/wp\/v2\/pages\/230"}],"collection":[{"href":"https:\/\/www.fotografiadereciennacido.com\/index.php\/wp-json\/wp\/v2\/pages"}],"about":[{"href":"https:\/\/www.fotografiadereciennacido.com\/index.php\/wp-json\/wp\/v2\/types\/page"}],"author":[{"embeddable":true,"href":"https:\/\/www.fotografiadereciennacido.com\/index.php\/wp-json\/wp\/v2\/users\/1"}],"replies":[{"embeddable":true,"href":"https:\/\/www.fotografiadereciennacido.com\/index.php\/wp-json\/wp\/v2\/comments?post=230"}],"version-history":[{"count":6,"href":"https:\/\/www.fotografiadereciennacido.com\/index.php\/wp-json\/wp\/v2\/pages\/230\/revisions"}],"predecessor-version":[{"id":263,"href":"https:\/\/www.fotografiadereciennacido.com\/index.php\/wp-json\/wp\/v2\/pages\/230\/revisions\/263"}],"wp:attachment":[{"href":"https:\/\/www.fotografiadereciennacido.com\/index.php\/wp-json\/wp\/v2\/media?parent=230"}],"curies":[{"name":"wp","href":"https:\/\/api.w.org\/{rel}","templated":true}]}}