{"id":314,"date":"2019-09-13T11:47:09","date_gmt":"2019-09-13T11:47:09","guid":{"rendered":"https:\/\/www.fotografiadereciennacido.com\/?page_id=314"},"modified":"2020-09-30T19:17:37","modified_gmt":"2020-09-30T19:17:37","slug":"reservar","status":"publish","type":"page","link":"https:\/\/www.fotografiadereciennacido.com\/index.php\/reservar\/","title":{"rendered":"RESERVAR"},"content":{"rendered":"\n<p>Bienvenidos! Gracias por confiar en nosotras para este hermoso momento.<\/p>\n\n\n\n<p>Como ustedes saben uno de los momentos del a\u00f1o que m\u00e1s nos gusta y en el que m\u00e1s trabajamos a\u00f1o a a\u00f1o son las sesiones navide\u00f1as. Siempre sentimos que la mejor forma de congelar el tiempo es recordar cada etapa de nuestros afectos, regalarle a toda la familia las fotos de los m\u00e1s peques, disfrutar el tiempo de juego compartido por fuera de los d\u00edas navide\u00f1os. Sabemos que para ellos la ilusi\u00f3n y la alegr\u00eda con la que esperan y festejan estas fechas es mucho mayor a la que nosotros como adultos podemos comprender en nuestra diaria.<\/p>\n\n\n\n<figure class=\"wp-block-gallery aligncenter columns-3 is-cropped wp-block-gallery-1 is-layout-flex wp-block-gallery-is-layout-flex\"><ul class=\"blocks-gallery-grid\"><li class=\"blocks-gallery-item\"><figure><img loading=\"lazy\" decoding=\"async\" width=\"1024\" height=\"684\" src=\"https:\/\/www.fotografiadereciennacido.com\/wp-content\/uploads\/2020\/09\/Navidenas-2020-Lolo-93-1024x684.jpg\" alt=\"\" data-id=\"8077\" data-full-url=\"https:\/\/www.fotografiadereciennacido.com\/wp-content\/uploads\/2020\/09\/Navidenas-2020-Lolo-93-scaled.jpg\" data-link=\"https:\/\/www.fotografiadereciennacido.com\/index.php\/reservar\/navidenas-2020-lolo-93\/\" class=\"wp-image-8077\" srcset=\"https:\/\/www.fotografiadereciennacido.com\/wp-content\/uploads\/2020\/09\/Navidenas-2020-Lolo-93-1024x684.jpg 1024w, https:\/\/www.fotografiadereciennacido.com\/wp-content\/uploads\/2020\/09\/Navidenas-2020-Lolo-93-300x200.jpg 300w, https:\/\/www.fotografiadereciennacido.com\/wp-content\/uploads\/2020\/09\/Navidenas-2020-Lolo-93-768x513.jpg 768w, https:\/\/www.fotografiadereciennacido.com\/wp-content\/uploads\/2020\/09\/Navidenas-2020-Lolo-93-1536x1025.jpg 1536w, https:\/\/www.fotografiadereciennacido.com\/wp-content\/uploads\/2020\/09\/Navidenas-2020-Lolo-93-2048x1367.jpg 2048w, https:\/\/www.fotografiadereciennacido.com\/wp-content\/uploads\/2020\/09\/Navidenas-2020-Lolo-93-272x182.jpg 272w\" sizes=\"(max-width: 1024px) 100vw, 1024px\" \/><\/figure><\/li><li class=\"blocks-gallery-item\"><figure><img loading=\"lazy\" decoding=\"async\" width=\"1024\" height=\"684\" src=\"https:\/\/www.fotografiadereciennacido.com\/wp-content\/uploads\/2020\/09\/Navidenas-2020-Male-y-Rena-63-1024x684.jpg\" alt=\"\" data-id=\"8078\" data-full-url=\"https:\/\/www.fotografiadereciennacido.com\/wp-content\/uploads\/2020\/09\/Navidenas-2020-Male-y-Rena-63-scaled.jpg\" data-link=\"https:\/\/www.fotografiadereciennacido.com\/index.php\/reservar\/navidenas-2020-male-y-rena-63\/\" class=\"wp-image-8078\" srcset=\"https:\/\/www.fotografiadereciennacido.com\/wp-content\/uploads\/2020\/09\/Navidenas-2020-Male-y-Rena-63-1024x684.jpg 1024w, https:\/\/www.fotografiadereciennacido.com\/wp-content\/uploads\/2020\/09\/Navidenas-2020-Male-y-Rena-63-300x200.jpg 300w, https:\/\/www.fotografiadereciennacido.com\/wp-content\/uploads\/2020\/09\/Navidenas-2020-Male-y-Rena-63-768x513.jpg 768w, https:\/\/www.fotografiadereciennacido.com\/wp-content\/uploads\/2020\/09\/Navidenas-2020-Male-y-Rena-63-1536x1026.jpg 1536w, https:\/\/www.fotografiadereciennacido.com\/wp-content\/uploads\/2020\/09\/Navidenas-2020-Male-y-Rena-63-2048x1367.jpg 2048w, https:\/\/www.fotografiadereciennacido.com\/wp-content\/uploads\/2020\/09\/Navidenas-2020-Male-y-Rena-63-272x182.jpg 272w\" sizes=\"(max-width: 1024px) 100vw, 1024px\" \/><\/figure><\/li><li class=\"blocks-gallery-item\"><figure><img loading=\"lazy\" decoding=\"async\" width=\"1024\" height=\"684\" src=\"https:\/\/www.fotografiadereciennacido.com\/wp-content\/uploads\/2020\/09\/Navidenas-2020-Male-y-Rena-69-1024x684.jpg\" alt=\"\" data-id=\"8080\" data-full-url=\"https:\/\/www.fotografiadereciennacido.com\/wp-content\/uploads\/2020\/09\/Navidenas-2020-Male-y-Rena-69-scaled.jpg\" data-link=\"https:\/\/www.fotografiadereciennacido.com\/index.php\/reservar\/navidenas-2020-male-y-rena-69\/\" class=\"wp-image-8080\" srcset=\"https:\/\/www.fotografiadereciennacido.com\/wp-content\/uploads\/2020\/09\/Navidenas-2020-Male-y-Rena-69-1024x684.jpg 1024w, https:\/\/www.fotografiadereciennacido.com\/wp-content\/uploads\/2020\/09\/Navidenas-2020-Male-y-Rena-69-300x200.jpg 300w, https:\/\/www.fotografiadereciennacido.com\/wp-content\/uploads\/2020\/09\/Navidenas-2020-Male-y-Rena-69-768x513.jpg 768w, https:\/\/www.fotografiadereciennacido.com\/wp-content\/uploads\/2020\/09\/Navidenas-2020-Male-y-Rena-69-1536x1025.jpg 1536w, https:\/\/www.fotografiadereciennacido.com\/wp-content\/uploads\/2020\/09\/Navidenas-2020-Male-y-Rena-69-2048x1367.jpg 2048w, https:\/\/www.fotografiadereciennacido.com\/wp-content\/uploads\/2020\/09\/Navidenas-2020-Male-y-Rena-69-272x182.jpg 272w\" sizes=\"(max-width: 1024px) 100vw, 1024px\" \/><\/figure><\/li><\/ul><\/figure>\n\n\n\n<p>Las condiciones ser\u00e1n diferentes, las reglas de juego ser\u00e1n diferentes, pero queremos que sean. Queremos que aquellos que quieran puedan compartir con nosotros un a\u00f1o m\u00e1s estas alegr\u00edas.<\/p>\n\n\n\n<p>Las sesiones no ser\u00e1n tan mini, ya no ser\u00e1n una seguida a la otra y los tapabocas y la distancia de por medio puede cambiar un poco el v\u00ednculo que amamos tener con nuestros peques, pero no cambiar\u00e1 la alegr\u00eda y el amor que le ponemos.<\/p>\n\n\n\n<p>Te invitamos a reservar tus minis navide\u00f1as por aqu\u00ed.<\/p>\n\n\n\n<div class=\"wp-block-image\"><figure class=\"aligncenter size-large\"><img loading=\"lazy\" decoding=\"async\" width=\"1024\" height=\"684\" src=\"https:\/\/www.fotografiadereciennacido.com\/wp-content\/uploads\/2020\/09\/Navidenas-2020-Male-y-Rena-26-1024x684.jpg\" alt=\"\" class=\"wp-image-8075\" srcset=\"https:\/\/www.fotografiadereciennacido.com\/wp-content\/uploads\/2020\/09\/Navidenas-2020-Male-y-Rena-26-1024x684.jpg 1024w, https:\/\/www.fotografiadereciennacido.com\/wp-content\/uploads\/2020\/09\/Navidenas-2020-Male-y-Rena-26-300x200.jpg 300w, https:\/\/www.fotografiadereciennacido.com\/wp-content\/uploads\/2020\/09\/Navidenas-2020-Male-y-Rena-26-768x513.jpg 768w, https:\/\/www.fotografiadereciennacido.com\/wp-content\/uploads\/2020\/09\/Navidenas-2020-Male-y-Rena-26-1536x1025.jpg 1536w, https:\/\/www.fotografiadereciennacido.com\/wp-content\/uploads\/2020\/09\/Navidenas-2020-Male-y-Rena-26-2048x1367.jpg 2048w, https:\/\/www.fotografiadereciennacido.com\/wp-content\/uploads\/2020\/09\/Navidenas-2020-Male-y-Rena-26-272x182.jpg 272w\" sizes=\"(max-width: 1024px) 100vw, 1024px\" \/><\/figure><\/div>\n\n\n\n<p>Recuerden seleccionar si son de Montevideo o de San Jos\u00e9 y cu\u00e1l de los paquetes eligieron para que se reserve el tiempo adecuado para cada una.<\/p>\n\n\n\n<div class=\"wp-block-image\"><figure class=\"aligncenter size-large\"><img loading=\"lazy\" decoding=\"async\" width=\"1024\" height=\"684\" src=\"https:\/\/www.fotografiadereciennacido.com\/wp-content\/uploads\/2020\/09\/Navidenas-2020-Lolo-27-1024x684.jpg\" alt=\"\" class=\"wp-image-8076\" srcset=\"https:\/\/www.fotografiadereciennacido.com\/wp-content\/uploads\/2020\/09\/Navidenas-2020-Lolo-27-1024x684.jpg 1024w, https:\/\/www.fotografiadereciennacido.com\/wp-content\/uploads\/2020\/09\/Navidenas-2020-Lolo-27-300x200.jpg 300w, https:\/\/www.fotografiadereciennacido.com\/wp-content\/uploads\/2020\/09\/Navidenas-2020-Lolo-27-768x513.jpg 768w, https:\/\/www.fotografiadereciennacido.com\/wp-content\/uploads\/2020\/09\/Navidenas-2020-Lolo-27-1536x1025.jpg 1536w, https:\/\/www.fotografiadereciennacido.com\/wp-content\/uploads\/2020\/09\/Navidenas-2020-Lolo-27-2048x1367.jpg 2048w, https:\/\/www.fotografiadereciennacido.com\/wp-content\/uploads\/2020\/09\/Navidenas-2020-Lolo-27-272x182.jpg 272w\" sizes=\"(max-width: 1024px) 100vw, 1024px\" \/><\/figure><\/div>\n\n\n\n<p>Les recordamos que tenemos vestimenta para ni\u00f1as hasta 10 a\u00f1os y para ni\u00f1os hasta 4\/5 a\u00f1os, pero tenemos complementos para m\u00e1s grandes. Igualmente recomendamos siempre traigan alg\u00fan jean y\/o remerita blanca.<\/p>\n\n\n\n<p>Las minis sesiones incluyen fotograf\u00eda de los ni\u00f1os y familiares.<\/p>\n\n\n\n<p>Si bien no hay costo extra por cantidad de integrantes recomendamos no sean muchos ya que nuestro set est\u00e1 pensado para peques por lo que es acotado de espacio. Adem\u00e1s este a\u00f1o por cuestiones de higiene y seguridad permitiremos un m\u00e1ximo de 5 personas (mayores y menores) por sesi\u00f3n.<\/p>\n\n\n\n<div class=\"wp-block-image\"><figure class=\"aligncenter size-large\"><img loading=\"lazy\" decoding=\"async\" width=\"684\" height=\"1024\" src=\"https:\/\/www.fotografiadereciennacido.com\/wp-content\/uploads\/2020\/09\/Navidenas-2020-Lolo-60-684x1024.jpg\" alt=\"\" class=\"wp-image-8081\" srcset=\"https:\/\/www.fotografiadereciennacido.com\/wp-content\/uploads\/2020\/09\/Navidenas-2020-Lolo-60-684x1024.jpg 684w, https:\/\/www.fotografiadereciennacido.com\/wp-content\/uploads\/2020\/09\/Navidenas-2020-Lolo-60-200x300.jpg 200w, https:\/\/www.fotografiadereciennacido.com\/wp-content\/uploads\/2020\/09\/Navidenas-2020-Lolo-60-768x1150.jpg 768w, https:\/\/www.fotografiadereciennacido.com\/wp-content\/uploads\/2020\/09\/Navidenas-2020-Lolo-60-1025x1536.jpg 1025w, https:\/\/www.fotografiadereciennacido.com\/wp-content\/uploads\/2020\/09\/Navidenas-2020-Lolo-60-1367x2048.jpg 1367w, https:\/\/www.fotografiadereciennacido.com\/wp-content\/uploads\/2020\/09\/Navidenas-2020-Lolo-60-scaled.jpg 1709w\" sizes=\"(max-width: 684px) 100vw, 684px\" \/><\/figure><\/div>\n\n\n\n<p><\/p>\n\n\n\n<div class=\"wp-block-button\"><a class=\"wp-block-button__link has-very-light-gray-color has-text-color has-background no-border-radius\" href=\"https:\/\/www.fotografiadereciennacido.com\/index.php\/reservas\/\" style=\"background-color:#69c7ae\">Reservar en Montevideo<\/a><\/div>\n\n\n\n<hr class=\"wp-block-separator is-style-dots\"\/>\n\n\n\n<div class=\"wp-block-button\"><a class=\"wp-block-button__link has-very-light-gray-color has-text-color has-background no-border-radius\" href=\"https:\/\/www.fotografiadereciennacido.com\/index.php\/reservas-2\/\" style=\"background-color:#69c7ae\">Reservar en San Jos\u00e9<\/a><\/div>\n\n\n\n<p><\/p>\n","protected":false},"excerpt":{"rendered":"<p>Bienvenidos! Gracias por confiar en nosotras para este hermoso momento. Como ustedes saben uno de los momentos del a\u00f1o que m\u00e1s nos gusta y en el que m\u00e1s trabajamos a\u00f1o a a\u00f1o son las sesiones navide\u00f1as. Siempre sentimos que la mejor forma de congelar el tiempo es recordar cada etapa de nuestros afectos, regalarle a [&hellip;]<\/p>\n","protected":false},"author":1,"featured_media":0,"parent":0,"menu_order":0,"comment_status":"closed","ping_status":"closed","template":"","meta":{"footnotes":""},"yoast_head":"<!-- This site is optimized with the Yoast SEO plugin v22.9 - https:\/\/yoast.com\/wordpress\/plugins\/seo\/ -->\n<title>RESERVAR<\/title>\n<meta name=\"description\" content=\"Bienvenidos! Gracias por confiar en nosotras para este hermoso momento. Como ustedes saben uno de los momentos del a\u00f1o que m\u00e1s nos gusta y en el que m\u00e1s\" \/>\n<meta name=\"robots\" content=\"index, follow, max-snippet:-1, max-image-preview:large, max-video-preview:-1\" \/>\n<link rel=\"canonical\" href=\"https:\/\/www.fotografiadereciennacido.com\/index.php\/reservar\/\" \/>\n<meta property=\"og:locale\" content=\"es_ES\" \/>\n<meta property=\"og:type\" content=\"article\" \/>\n<meta property=\"og:title\" content=\"RESERVAR\" \/>\n<meta property=\"og:description\" content=\"Bienvenidos! Gracias por confiar en nosotras para este hermoso momento. Como ustedes saben uno de los momentos del a\u00f1o que m\u00e1s nos gusta y en el que m\u00e1s\" \/>\n<meta property=\"og:url\" content=\"https:\/\/www.fotografiadereciennacido.com\/index.php\/reservar\/\" \/>\n<meta property=\"og:site_name\" content=\"Elo&iacute;sa Roquero Fotograf&iacute;a\" \/>\n<meta property=\"article:modified_time\" content=\"2020-09-30T19:17:37+00:00\" \/>\n<meta property=\"og:image\" content=\"https:\/\/www.fotografiadereciennacido.com\/wp-content\/uploads\/2020\/09\/Navidenas-2020-Lolo-93-1024x684.jpg\" \/>\n<meta name=\"twitter:card\" content=\"summary_large_image\" \/>\n<meta name=\"twitter:label1\" content=\"Tiempo de lectura\" \/>\n\t<meta name=\"twitter:data1\" content=\"2 minutos\" \/>\n<script type=\"application\/ld+json\" class=\"yoast-schema-graph\">{\"@context\":\"https:\/\/schema.org\",\"@graph\":[{\"@type\":\"WebPage\",\"@id\":\"https:\/\/www.fotografiadereciennacido.com\/index.php\/reservar\/\",\"url\":\"https:\/\/www.fotografiadereciennacido.com\/index.php\/reservar\/\",\"name\":\"RESERVAR\",\"isPartOf\":{\"@id\":\"https:\/\/www.fotografiadereciennacido.com\/#website\"},\"primaryImageOfPage\":{\"@id\":\"https:\/\/www.fotografiadereciennacido.com\/index.php\/reservar\/#primaryimage\"},\"image\":{\"@id\":\"https:\/\/www.fotografiadereciennacido.com\/index.php\/reservar\/#primaryimage\"},\"thumbnailUrl\":\"https:\/\/www.fotografiadereciennacido.com\/wp-content\/uploads\/2020\/09\/Navidenas-2020-Lolo-93-1024x684.jpg\",\"datePublished\":\"2019-09-13T11:47:09+00:00\",\"dateModified\":\"2020-09-30T19:17:37+00:00\",\"description\":\"Bienvenidos! Gracias por confiar en nosotras para este hermoso momento. Como ustedes saben uno de los momentos del a\u00f1o que m\u00e1s nos gusta y en el que m\u00e1s\",\"breadcrumb\":{\"@id\":\"https:\/\/www.fotografiadereciennacido.com\/index.php\/reservar\/#breadcrumb\"},\"inLanguage\":\"es\",\"potentialAction\":[{\"@type\":\"ReadAction\",\"target\":[\"https:\/\/www.fotografiadereciennacido.com\/index.php\/reservar\/\"]}]},{\"@type\":\"ImageObject\",\"inLanguage\":\"es\",\"@id\":\"https:\/\/www.fotografiadereciennacido.com\/index.php\/reservar\/#primaryimage\",\"url\":\"https:\/\/www.fotografiadereciennacido.com\/wp-content\/uploads\/2020\/09\/Navidenas-2020-Lolo-93-1024x684.jpg\",\"contentUrl\":\"https:\/\/www.fotografiadereciennacido.com\/wp-content\/uploads\/2020\/09\/Navidenas-2020-Lolo-93-1024x684.jpg\"},{\"@type\":\"BreadcrumbList\",\"@id\":\"https:\/\/www.fotografiadereciennacido.com\/index.php\/reservar\/#breadcrumb\",\"itemListElement\":[{\"@type\":\"ListItem\",\"position\":1,\"name\":\"Portada\",\"item\":\"https:\/\/www.fotografiadereciennacido.com\/\"},{\"@type\":\"ListItem\",\"position\":2,\"name\":\"RESERVAR\"}]},{\"@type\":\"WebSite\",\"@id\":\"https:\/\/www.fotografiadereciennacido.com\/#website\",\"url\":\"https:\/\/www.fotografiadereciennacido.com\/\",\"name\":\"Elo\u00edsa Roquero Fotograf\u00eda\",\"description\":\"Fotograf&iacute;a Infantil en San Jos&eacute; de Mayo\",\"publisher\":{\"@id\":\"https:\/\/www.fotografiadereciennacido.com\/#\/schema\/person\/85f22c1d782294d6ff0beb11f09b368c\"},\"potentialAction\":[{\"@type\":\"SearchAction\",\"target\":{\"@type\":\"EntryPoint\",\"urlTemplate\":\"https:\/\/www.fotografiadereciennacido.com\/?s={search_term_string}\"},\"query-input\":\"required name=search_term_string\"}],\"inLanguage\":\"es\"},{\"@type\":[\"Person\",\"Organization\"],\"@id\":\"https:\/\/www.fotografiadereciennacido.com\/#\/schema\/person\/85f22c1d782294d6ff0beb11f09b368c\",\"name\":\"admin\",\"image\":{\"@type\":\"ImageObject\",\"inLanguage\":\"es\",\"@id\":\"https:\/\/www.fotografiadereciennacido.com\/#\/schema\/person\/image\/\",\"url\":\"https:\/\/secure.gravatar.com\/avatar\/7fe5df0765ebcb75c457e93ea01d8886?s=96&d=mm&r=g\",\"contentUrl\":\"https:\/\/secure.gravatar.com\/avatar\/7fe5df0765ebcb75c457e93ea01d8886?s=96&d=mm&r=g\",\"caption\":\"admin\"},\"logo\":{\"@id\":\"https:\/\/www.fotografiadereciennacido.com\/#\/schema\/person\/image\/\"}}]}<\/script>\n<!-- \/ Yoast SEO plugin. -->","yoast_head_json":{"title":"RESERVAR","description":"Bienvenidos! Gracias por confiar en nosotras para este hermoso momento. Como ustedes saben uno de los momentos del a\u00f1o que m\u00e1s nos gusta y en el que m\u00e1s","robots":{"index":"index","follow":"follow","max-snippet":"max-snippet:-1","max-image-preview":"max-image-preview:large","max-video-preview":"max-video-preview:-1"},"canonical":"https:\/\/www.fotografiadereciennacido.com\/index.php\/reservar\/","og_locale":"es_ES","og_type":"article","og_title":"RESERVAR","og_description":"Bienvenidos! Gracias por confiar en nosotras para este hermoso momento. Como ustedes saben uno de los momentos del a\u00f1o que m\u00e1s nos gusta y en el que m\u00e1s","og_url":"https:\/\/www.fotografiadereciennacido.com\/index.php\/reservar\/","og_site_name":"Elo&iacute;sa Roquero Fotograf&iacute;a","article_modified_time":"2020-09-30T19:17:37+00:00","og_image":[{"url":"https:\/\/www.fotografiadereciennacido.com\/wp-content\/uploads\/2020\/09\/Navidenas-2020-Lolo-93-1024x684.jpg"}],"twitter_card":"summary_large_image","twitter_misc":{"Tiempo de lectura":"2 minutos"},"schema":{"@context":"https:\/\/schema.org","@graph":[{"@type":"WebPage","@id":"https:\/\/www.fotografiadereciennacido.com\/index.php\/reservar\/","url":"https:\/\/www.fotografiadereciennacido.com\/index.php\/reservar\/","name":"RESERVAR","isPartOf":{"@id":"https:\/\/www.fotografiadereciennacido.com\/#website"},"primaryImageOfPage":{"@id":"https:\/\/www.fotografiadereciennacido.com\/index.php\/reservar\/#primaryimage"},"image":{"@id":"https:\/\/www.fotografiadereciennacido.com\/index.php\/reservar\/#primaryimage"},"thumbnailUrl":"https:\/\/www.fotografiadereciennacido.com\/wp-content\/uploads\/2020\/09\/Navidenas-2020-Lolo-93-1024x684.jpg","datePublished":"2019-09-13T11:47:09+00:00","dateModified":"2020-09-30T19:17:37+00:00","description":"Bienvenidos! Gracias por confiar en nosotras para este hermoso momento. Como ustedes saben uno de los momentos del a\u00f1o que m\u00e1s nos gusta y en el que m\u00e1s","breadcrumb":{"@id":"https:\/\/www.fotografiadereciennacido.com\/index.php\/reservar\/#breadcrumb"},"inLanguage":"es","potentialAction":[{"@type":"ReadAction","target":["https:\/\/www.fotografiadereciennacido.com\/index.php\/reservar\/"]}]},{"@type":"ImageObject","inLanguage":"es","@id":"https:\/\/www.fotografiadereciennacido.com\/index.php\/reservar\/#primaryimage","url":"https:\/\/www.fotografiadereciennacido.com\/wp-content\/uploads\/2020\/09\/Navidenas-2020-Lolo-93-1024x684.jpg","contentUrl":"https:\/\/www.fotografiadereciennacido.com\/wp-content\/uploads\/2020\/09\/Navidenas-2020-Lolo-93-1024x684.jpg"},{"@type":"BreadcrumbList","@id":"https:\/\/www.fotografiadereciennacido.com\/index.php\/reservar\/#breadcrumb","itemListElement":[{"@type":"ListItem","position":1,"name":"Portada","item":"https:\/\/www.fotografiadereciennacido.com\/"},{"@type":"ListItem","position":2,"name":"RESERVAR"}]},{"@type":"WebSite","@id":"https:\/\/www.fotografiadereciennacido.com\/#website","url":"https:\/\/www.fotografiadereciennacido.com\/","name":"Elo\u00edsa Roquero Fotograf\u00eda","description":"Fotograf&iacute;a Infantil en San Jos&eacute; de Mayo","publisher":{"@id":"https:\/\/www.fotografiadereciennacido.com\/#\/schema\/person\/85f22c1d782294d6ff0beb11f09b368c"},"potentialAction":[{"@type":"SearchAction","target":{"@type":"EntryPoint","urlTemplate":"https:\/\/www.fotografiadereciennacido.com\/?s={search_term_string}"},"query-input":"required name=search_term_string"}],"inLanguage":"es"},{"@type":["Person","Organization"],"@id":"https:\/\/www.fotografiadereciennacido.com\/#\/schema\/person\/85f22c1d782294d6ff0beb11f09b368c","name":"admin","image":{"@type":"ImageObject","inLanguage":"es","@id":"https:\/\/www.fotografiadereciennacido.com\/#\/schema\/person\/image\/","url":"https:\/\/secure.gravatar.com\/avatar\/7fe5df0765ebcb75c457e93ea01d8886?s=96&d=mm&r=g","contentUrl":"https:\/\/secure.gravatar.com\/avatar\/7fe5df0765ebcb75c457e93ea01d8886?s=96&d=mm&r=g","caption":"admin"},"logo":{"@id":"https:\/\/www.fotografiadereciennacido.com\/#\/schema\/person\/image\/"}}]}},"_links":{"self":[{"href":"https:\/\/www.fotografiadereciennacido.com\/index.php\/wp-json\/wp\/v2\/pages\/314"}],"collection":[{"href":"https:\/\/www.fotografiadereciennacido.com\/index.php\/wp-json\/wp\/v2\/pages"}],"about":[{"href":"https:\/\/www.fotografiadereciennacido.com\/index.php\/wp-json\/wp\/v2\/types\/page"}],"author":[{"embeddable":true,"href":"https:\/\/www.fotografiadereciennacido.com\/index.php\/wp-json\/wp\/v2\/users\/1"}],"replies":[{"embeddable":true,"href":"https:\/\/www.fotografiadereciennacido.com\/index.php\/wp-json\/wp\/v2\/comments?post=314"}],"version-history":[{"count":11,"href":"https:\/\/www.fotografiadereciennacido.com\/index.php\/wp-json\/wp\/v2\/pages\/314\/revisions"}],"predecessor-version":[{"id":8084,"href":"https:\/\/www.fotografiadereciennacido.com\/index.php\/wp-json\/wp\/v2\/pages\/314\/revisions\/8084"}],"wp:attachment":[{"href":"https:\/\/www.fotografiadereciennacido.com\/index.php\/wp-json\/wp\/v2\/media?parent=314"}],"curies":[{"name":"wp","href":"https:\/\/api.w.org\/{rel}","templated":true}]}}