{"id":329,"date":"2019-08-16T18:03:55","date_gmt":"2019-08-16T18:03:55","guid":{"rendered":"https:\/\/www.fotografiadereciennacido.com\/?page_id=329"},"modified":"2019-08-16T18:04:13","modified_gmt":"2019-08-16T18:04:13","slug":"terminos-y-condiciones","status":"publish","type":"page","link":"https:\/\/www.fotografiadereciennacido.com\/index.php\/terminos-y-condiciones\/","title":{"rendered":"T\u00c9RMINOS Y CONDICIONES"},"content":{"rendered":"\n<p>El d\u00eda&nbsp;de la sesi\u00f3n el contratante deber\u00e1&nbsp;firmar un documento, dejando asentado que entiende y acepta los puntos le\u00eddos&nbsp;seguidamente.<\/p>\n\n\n\n<p>1- Acepto que he contratado el servicio fotogr\u00e1fico realizado por Elo\u00edsa Roquero, teniendo en cuenta y aceptando el estilo y la est\u00e9tica que utiliza para las fotograf\u00edas tomadas, siendo consciente del resultado final de las fotograf\u00edas que ser\u00e1n entregadas.<\/p>\n\n\n\n<p>2- Acepto y entiendo que Elo\u00edsa Roquero es la autora intelectual de todas las im\u00e1genes logradas en la sesi\u00f3n contratada, teniendo as\u00ed, al igual que la familia que contrata el servicio, el derecho de las mismas para exhibirlas en su portfolio profesional<\/p>\n\n\n\n<p>3- Acepto y entiendo que al ser Elo\u00edsa Roquero la autora de la foto que se me entrega, tiene los derechos intelectuales sobre la misma, y se tendr\u00e1 que consultar o avisar al menos si estas im\u00e1genes son utilizadas para publicidad, casting, o concurso.<\/p>\n\n\n\n<p>4- Declaro mediante esta documentaci\u00f3n que mi hijo goza de buen estado de salud al momento de la misma, y que tiene realizado los controles m\u00e9dicos\u00a0acordes a su edad.<\/p>\n\n\n\n<p>5- La fot\u00f3grafa\u00a0no se responsabiliza si fuera del momento de la toma fotogr\u00e1fica el menor (que debe estar bajo vigilancia de su mayor a cargo) se golpea, o se cae dentro del estudio fotogr\u00e1fico. Los padres son responsables as\u00ed mismo de cualquier cosa que se rompa por descuido de los infantes, debiendo abonar as\u00ed un cargo extra que cubra el gasto generado.<\/p>\n\n\n\n<p>6- En este contrato se detalla al comienzo lo contratado, dejando detallado lo abonado y el pack contratado. Las fotos se seleccionan mediante nuestra plataforma virtual, en donde los contratantes pueden acceder las fotograf\u00edas. Las fotos est\u00e1n editadas en alta calidad y sin marca de agua para el uso personal del contratante. <\/p>\n\n\n\n<p>7- Para las sesiones maternales, familiares e infantiles no contamos con vestuario.  En el caso de las sesiones mini baby y reci\u00e9n nacido Elo\u00edsa Roquero cuenta con todo el vestuario y accesorios necesarios quedando a criterio de la misma la posibilidad de incluir vestuario o accesorios que no sean de su propiedad y est\u00e9tica. En caso de mini sesiones, el vestuario no estar\u00e1 incluido a excepci\u00f3n de las minis sesiones navide\u00f1as en las que se acordar\u00e1 con los contratantes el vestuario propio o extra. En el caso de las minis b\u00e1sicas no se permitir\u00e1n m\u00e1s de un cambio de vestimenta para poder optimizar el tiempo de la sesi\u00f3n.<\/p>\n\n\n\n<p>8- El precio de la sesi\u00f3n plasmado en el presupuesto que se les pasa, tiene hecho un descuento, por poder utilizar las im\u00e1genes\u00a0y exhibirlas en el porfolio profesional de la autora, como as\u00ed\u00a0para realizar publicidad, como muestra del ejercicio de la misma; en caso de no querer que se exhiban las fotos el contratante puede decidir acceder al costo real final de la sesi\u00f3n que ser\u00e1 de $800 por encima del presupuestado.<\/p>\n\n\n\n<p>9- De acceder al precio con el descuento por permitir la muestra de las imagenes, el padre\/madre\/o tutor, autoriza a la autora a ultilizar las im\u00e1genes logradas en la sesi\u00f3n por tiempo indefinido, dejando conformidad en la documentaci\u00f3n firmada; sin poder revocar el mismo, ni exigir resarcimiento econ\u00f3mico por el uso de las im\u00e1genes.<\/p>\n\n\n\n<p>10- La autora, Elo\u00edsa Roquero, da permiso para el uso de las im\u00e1genes creadas por ella en la sesi\u00f3n y\/o evento para su uso por la familia en medios sociales u otros lugares siempre que no se genere lucro con el uso de estas im\u00e1genes. Recu\u00e9rdese a la autora como poseedora de los derechos de autor\u00eda y creaci\u00f3n y propietaria de las im\u00e1genes seg\u00fan la ley.<\/p>\n\n\n\n<p>11- Entiendo y acepto que los archivos crudos de las im\u00e1genes tomadas no ser\u00e1n entregados bajo ning\u00fan concepto. Recu\u00e9rdese a la autora como poseedora sobre los derechos de de autor los mismos, pese al derecho de imagen de los retratados.<\/p>\n\n\n\n<p>12- De haber productos entregados a modo de regalo, ir\u00e1n con marca de agua con firma y contacto de la autora. \u00a0<\/p>\n\n\n\n<p>13- El material digital de sesiones, estar\u00e1 disponible a partir del 15\u00ba d\u00eda h\u00e1bil (pudiendo surgir demoras en consecuencia de la cola de trabajo). La entrega final, con productos fotogr\u00e1ficos, estar\u00e1 disponible, de acuerdo a los tiempos de los proveedores gr\u00e1ficos\/env\u00edos. En el caso de eventos el material digital estar\u00e1 disponible a partir del 30 d\u00eda h\u00e1bil (pudiendo surgir demoras en consecuencias de la cola de trabajo). Las sesiones y eventos no se comenzar\u00e1n a editar sin previo pago del total de cualquier contrato. <\/p>\n\n\n\n<p>14- Si los fotografiados no son los contratantes, estos igualmente comprenden y entienden los puntos anteriores, acept\u00e1ndolos y dejando conformidad de los mismos en este documento.<\/p>\n\n\n\n<p>15- La fot\u00f3grafa y el equipo de trabajo no se responsabiliza por el olvido y o extrav\u00edo de objetos personales de los contratantes y participantes a las sesiones.<\/p>\n\n\n\n<p>16- Elo\u00edsa Roquero no realiza sesiones tem\u00e1ticas (ej: mickey mouse, etc), si as\u00ed lo desean pueden abonar un cargo extra de $2000 en el que est\u00e1 incluido el costo por la ambientaci\u00f3n y el tiempo del armado de la escena .<\/p>\n\n\n\n<p>17- As\u00ed como es posible que surja un imprevisto de parte de nuestros clientes que los imposibilite a venir, teniendo que re-programar la sesi\u00f3n, dejamos por sentado que es posible que por alg\u00fan imprevisto de \u00faltima hora (situaciones que exceden nuestra organizaci\u00f3n) es posible el re-programar la sesi\u00f3n hasta 2 veces por parte nuestra, sin dar lugar al reintegro de lo abonado.<\/p>\n\n\n\n<p>18- Para pago con tarjeta de cr\u00e9dito mediante la plataforma \u00abmercado pago\u00bb, se adiciona un 10% se recargo sobre el total, por los costos del servicio-<\/p>\n\n\n\n<p>19- La se\u00f1a del servicio no es reembolsable (bajo ning\u00fan\u00a0concepto). De no poder realizar la sesi\u00f3n avisar al menos\u00a024hs antes, de lo contrario se pierde todo el derecho sobre la misma. Entendemos que puede surgir alg\u00fan\u00a0motivo de fuerza mayor que imposibilite al cliente a asistir, llegado ese caso, la re-programaci\u00f3n\u00a0queda bajo consideraci\u00f3n de Elo\u00edsa Roquero, siempre y cuando sea al menos una hora antes del horario pactado.\u00a0<\/p>\n\n\n\n<p>20- La demora superior a 30 minutos en base al horario pactado sin previo aviso ser\u00e1 considerado como ausencia sin aviso previo, se perder\u00e1\u00a0el derecho a la realizaci\u00f3n de la sesi\u00f3n (sin reembolso\u00a0de la se\u00f1a), o se deber\u00e1\u00a0abonar un cargo extra del 50% del valor del pack b\u00e1sico\u00a0(ver costo vigente).<\/p>\n\n\n\n<p>21- De solicitar el material (solo digital) con anticipaci\u00f3n a la fecha estipulada de entrega se deber\u00e1\u00a0abonar un cargo extra a convenir.<\/p>\n\n\n\n<p>22- La predisposici\u00f3n de los infantes, al momento de la sesi\u00f3n,\u00a0no quedar\u00e1 bajo la responsabilidad de Elo\u00edsa Roquero, por lo cual, no ser\u00e1 motivo v\u00e1lido de reprogramaci\u00f3n de la fecha o reintegro de los costos.<\/p>\n\n\n\n<p>23- En el caso de las mini sesiones recordamos que las mismas est\u00e1n acotadas en el tiempo indicado al momento de la contrataci\u00f3n. La llegada tarde a las mismas implica de la p\u00e9rdida de minutos por parte del cliente. Si la sesi\u00f3n es de 20 minutos de duraci\u00f3n y la llegada es de 15 minutos m\u00e1s tarde el cliente s\u00f3lo dispondr\u00e1 de 5 minutos para la realizaci\u00f3n de la sesi\u00f3n. En caso que el cliente pierda el tiempo completo de la sesi\u00f3n por llegada tarde la re-programaci\u00f3n para otro horario quedar\u00e1 a consideraci\u00f3n del equipo de Elo\u00edsa Roquero Fotograf\u00eda y a disponibilidad en el d\u00eda. En cualquier caso no se reintegrar\u00e1 el costo de la reserva.<\/p>\n\n\n\n<p><\/p>\n","protected":false},"excerpt":{"rendered":"<p>El d\u00eda&nbsp;de la sesi\u00f3n el contratante deber\u00e1&nbsp;firmar un documento, dejando asentado que entiende y acepta los puntos le\u00eddos&nbsp;seguidamente. 1- Acepto que he contratado el servicio fotogr\u00e1fico realizado por Elo\u00edsa Roquero, teniendo en cuenta y aceptando el estilo y la est\u00e9tica que utiliza para las fotograf\u00edas tomadas, siendo consciente del resultado final de las fotograf\u00edas que [&hellip;]<\/p>\n","protected":false},"author":1,"featured_media":0,"parent":0,"menu_order":0,"comment_status":"closed","ping_status":"closed","template":"","meta":{"footnotes":""},"yoast_head":"<!-- This site is optimized with the Yoast SEO plugin v22.9 - https:\/\/yoast.com\/wordpress\/plugins\/seo\/ -->\n<title>T\u00c9RMINOS Y CONDICIONES<\/title>\n<meta name=\"description\" content=\"El d\u00eda&nbsp;de la sesi\u00f3n el contratante deber\u00e1&nbsp;firmar un documento, dejando asentado que entiende y acepta los puntos le\u00eddos&nbsp;seguidamente. 1-\" \/>\n<meta name=\"robots\" content=\"index, follow, max-snippet:-1, max-image-preview:large, max-video-preview:-1\" \/>\n<link rel=\"canonical\" href=\"https:\/\/www.fotografiadereciennacido.com\/index.php\/terminos-y-condiciones\/\" \/>\n<meta property=\"og:locale\" content=\"es_ES\" \/>\n<meta property=\"og:type\" content=\"article\" \/>\n<meta property=\"og:title\" content=\"T\u00c9RMINOS Y CONDICIONES\" \/>\n<meta property=\"og:description\" content=\"El d\u00eda&nbsp;de la sesi\u00f3n el contratante deber\u00e1&nbsp;firmar un documento, dejando asentado que entiende y acepta los puntos le\u00eddos&nbsp;seguidamente. 1-\" \/>\n<meta property=\"og:url\" content=\"https:\/\/www.fotografiadereciennacido.com\/index.php\/terminos-y-condiciones\/\" \/>\n<meta property=\"og:site_name\" content=\"Elo&iacute;sa Roquero Fotograf&iacute;a\" \/>\n<meta property=\"article:modified_time\" content=\"2019-08-16T18:04:13+00:00\" \/>\n<meta name=\"twitter:card\" content=\"summary_large_image\" \/>\n<meta name=\"twitter:label1\" content=\"Tiempo de lectura\" \/>\n\t<meta name=\"twitter:data1\" content=\"7 minutos\" \/>\n<script type=\"application\/ld+json\" class=\"yoast-schema-graph\">{\"@context\":\"https:\/\/schema.org\",\"@graph\":[{\"@type\":\"WebPage\",\"@id\":\"https:\/\/www.fotografiadereciennacido.com\/index.php\/terminos-y-condiciones\/\",\"url\":\"https:\/\/www.fotografiadereciennacido.com\/index.php\/terminos-y-condiciones\/\",\"name\":\"T\u00c9RMINOS Y CONDICIONES\",\"isPartOf\":{\"@id\":\"https:\/\/www.fotografiadereciennacido.com\/#website\"},\"datePublished\":\"2019-08-16T18:03:55+00:00\",\"dateModified\":\"2019-08-16T18:04:13+00:00\",\"description\":\"El d\u00eda&nbsp;de la sesi\u00f3n el contratante deber\u00e1&nbsp;firmar un documento, dejando asentado que entiende y acepta los puntos le\u00eddos&nbsp;seguidamente. 1-\",\"breadcrumb\":{\"@id\":\"https:\/\/www.fotografiadereciennacido.com\/index.php\/terminos-y-condiciones\/#breadcrumb\"},\"inLanguage\":\"es\",\"potentialAction\":[{\"@type\":\"ReadAction\",\"target\":[\"https:\/\/www.fotografiadereciennacido.com\/index.php\/terminos-y-condiciones\/\"]}]},{\"@type\":\"BreadcrumbList\",\"@id\":\"https:\/\/www.fotografiadereciennacido.com\/index.php\/terminos-y-condiciones\/#breadcrumb\",\"itemListElement\":[{\"@type\":\"ListItem\",\"position\":1,\"name\":\"Portada\",\"item\":\"https:\/\/www.fotografiadereciennacido.com\/\"},{\"@type\":\"ListItem\",\"position\":2,\"name\":\"T\u00c9RMINOS Y CONDICIONES\"}]},{\"@type\":\"WebSite\",\"@id\":\"https:\/\/www.fotografiadereciennacido.com\/#website\",\"url\":\"https:\/\/www.fotografiadereciennacido.com\/\",\"name\":\"Elo\u00edsa Roquero Fotograf\u00eda\",\"description\":\"Fotograf&iacute;a Infantil en San Jos&eacute; de Mayo\",\"publisher\":{\"@id\":\"https:\/\/www.fotografiadereciennacido.com\/#\/schema\/person\/85f22c1d782294d6ff0beb11f09b368c\"},\"potentialAction\":[{\"@type\":\"SearchAction\",\"target\":{\"@type\":\"EntryPoint\",\"urlTemplate\":\"https:\/\/www.fotografiadereciennacido.com\/?s={search_term_string}\"},\"query-input\":\"required name=search_term_string\"}],\"inLanguage\":\"es\"},{\"@type\":[\"Person\",\"Organization\"],\"@id\":\"https:\/\/www.fotografiadereciennacido.com\/#\/schema\/person\/85f22c1d782294d6ff0beb11f09b368c\",\"name\":\"admin\",\"image\":{\"@type\":\"ImageObject\",\"inLanguage\":\"es\",\"@id\":\"https:\/\/www.fotografiadereciennacido.com\/#\/schema\/person\/image\/\",\"url\":\"https:\/\/secure.gravatar.com\/avatar\/7fe5df0765ebcb75c457e93ea01d8886?s=96&d=mm&r=g\",\"contentUrl\":\"https:\/\/secure.gravatar.com\/avatar\/7fe5df0765ebcb75c457e93ea01d8886?s=96&d=mm&r=g\",\"caption\":\"admin\"},\"logo\":{\"@id\":\"https:\/\/www.fotografiadereciennacido.com\/#\/schema\/person\/image\/\"}}]}<\/script>\n<!-- \/ Yoast SEO plugin. -->","yoast_head_json":{"title":"T\u00c9RMINOS Y CONDICIONES","description":"El d\u00eda&nbsp;de la sesi\u00f3n el contratante deber\u00e1&nbsp;firmar un documento, dejando asentado que entiende y acepta los puntos le\u00eddos&nbsp;seguidamente. 1-","robots":{"index":"index","follow":"follow","max-snippet":"max-snippet:-1","max-image-preview":"max-image-preview:large","max-video-preview":"max-video-preview:-1"},"canonical":"https:\/\/www.fotografiadereciennacido.com\/index.php\/terminos-y-condiciones\/","og_locale":"es_ES","og_type":"article","og_title":"T\u00c9RMINOS Y CONDICIONES","og_description":"El d\u00eda&nbsp;de la sesi\u00f3n el contratante deber\u00e1&nbsp;firmar un documento, dejando asentado que entiende y acepta los puntos le\u00eddos&nbsp;seguidamente. 1-","og_url":"https:\/\/www.fotografiadereciennacido.com\/index.php\/terminos-y-condiciones\/","og_site_name":"Elo&iacute;sa Roquero Fotograf&iacute;a","article_modified_time":"2019-08-16T18:04:13+00:00","twitter_card":"summary_large_image","twitter_misc":{"Tiempo de lectura":"7 minutos"},"schema":{"@context":"https:\/\/schema.org","@graph":[{"@type":"WebPage","@id":"https:\/\/www.fotografiadereciennacido.com\/index.php\/terminos-y-condiciones\/","url":"https:\/\/www.fotografiadereciennacido.com\/index.php\/terminos-y-condiciones\/","name":"T\u00c9RMINOS Y CONDICIONES","isPartOf":{"@id":"https:\/\/www.fotografiadereciennacido.com\/#website"},"datePublished":"2019-08-16T18:03:55+00:00","dateModified":"2019-08-16T18:04:13+00:00","description":"El d\u00eda&nbsp;de la sesi\u00f3n el contratante deber\u00e1&nbsp;firmar un documento, dejando asentado que entiende y acepta los puntos le\u00eddos&nbsp;seguidamente. 1-","breadcrumb":{"@id":"https:\/\/www.fotografiadereciennacido.com\/index.php\/terminos-y-condiciones\/#breadcrumb"},"inLanguage":"es","potentialAction":[{"@type":"ReadAction","target":["https:\/\/www.fotografiadereciennacido.com\/index.php\/terminos-y-condiciones\/"]}]},{"@type":"BreadcrumbList","@id":"https:\/\/www.fotografiadereciennacido.com\/index.php\/terminos-y-condiciones\/#breadcrumb","itemListElement":[{"@type":"ListItem","position":1,"name":"Portada","item":"https:\/\/www.fotografiadereciennacido.com\/"},{"@type":"ListItem","position":2,"name":"T\u00c9RMINOS Y CONDICIONES"}]},{"@type":"WebSite","@id":"https:\/\/www.fotografiadereciennacido.com\/#website","url":"https:\/\/www.fotografiadereciennacido.com\/","name":"Elo\u00edsa Roquero Fotograf\u00eda","description":"Fotograf&iacute;a Infantil en San Jos&eacute; de Mayo","publisher":{"@id":"https:\/\/www.fotografiadereciennacido.com\/#\/schema\/person\/85f22c1d782294d6ff0beb11f09b368c"},"potentialAction":[{"@type":"SearchAction","target":{"@type":"EntryPoint","urlTemplate":"https:\/\/www.fotografiadereciennacido.com\/?s={search_term_string}"},"query-input":"required name=search_term_string"}],"inLanguage":"es"},{"@type":["Person","Organization"],"@id":"https:\/\/www.fotografiadereciennacido.com\/#\/schema\/person\/85f22c1d782294d6ff0beb11f09b368c","name":"admin","image":{"@type":"ImageObject","inLanguage":"es","@id":"https:\/\/www.fotografiadereciennacido.com\/#\/schema\/person\/image\/","url":"https:\/\/secure.gravatar.com\/avatar\/7fe5df0765ebcb75c457e93ea01d8886?s=96&d=mm&r=g","contentUrl":"https:\/\/secure.gravatar.com\/avatar\/7fe5df0765ebcb75c457e93ea01d8886?s=96&d=mm&r=g","caption":"admin"},"logo":{"@id":"https:\/\/www.fotografiadereciennacido.com\/#\/schema\/person\/image\/"}}]}},"_links":{"self":[{"href":"https:\/\/www.fotografiadereciennacido.com\/index.php\/wp-json\/wp\/v2\/pages\/329"}],"collection":[{"href":"https:\/\/www.fotografiadereciennacido.com\/index.php\/wp-json\/wp\/v2\/pages"}],"about":[{"href":"https:\/\/www.fotografiadereciennacido.com\/index.php\/wp-json\/wp\/v2\/types\/page"}],"author":[{"embeddable":true,"href":"https:\/\/www.fotografiadereciennacido.com\/index.php\/wp-json\/wp\/v2\/users\/1"}],"replies":[{"embeddable":true,"href":"https:\/\/www.fotografiadereciennacido.com\/index.php\/wp-json\/wp\/v2\/comments?post=329"}],"version-history":[{"count":2,"href":"https:\/\/www.fotografiadereciennacido.com\/index.php\/wp-json\/wp\/v2\/pages\/329\/revisions"}],"predecessor-version":[{"id":331,"href":"https:\/\/www.fotografiadereciennacido.com\/index.php\/wp-json\/wp\/v2\/pages\/329\/revisions\/331"}],"wp:attachment":[{"href":"https:\/\/www.fotografiadereciennacido.com\/index.php\/wp-json\/wp\/v2\/media?parent=329"}],"curies":[{"name":"wp","href":"https:\/\/api.w.org\/{rel}","templated":true}]}}